{"id":149,"date":"2024-12-28T11:51:13","date_gmt":"2024-12-28T11:51:13","guid":{"rendered":"https:\/\/darkcyan-deer-662487.hostingersite.com\/?page_id=149"},"modified":"2025-01-06T12:03:20","modified_gmt":"2025-01-06T12:03:20","slug":"es-parama","status":"publish","type":"page","link":"https:\/\/simplex.lt\/en\/es-parama\/","title":{"rendered":"EU project"},"content":{"rendered":"<div id=\"fws_69d344c651931\"  data-column-margin=\"90px\" data-midnight=\"dark\" data-top-percent=\"10%\" data-bottom-percent=\"3%\"  class=\"wpb_row vc_row-fluid vc_row full-width-section\"  style=\"padding-top: calc(100vw * 0.10); padding-bottom: calc(100vw * 0.03); \"><div class=\"row-bg-wrap\" data-bg-animation=\"none\" data-bg-animation-delay=\"\" data-bg-overlay=\"false\"><div class=\"inner-wrap row-bg-layer\" ><div class=\"row-bg viewport-desktop\"  style=\"\"><\/div><\/div><\/div><div class=\"row_col_wrap_12 col span_12 dark left\">\n\t<div  class=\"vc_col-sm-12 wpb_column column_container vc_column_container col padding-5-percent inherit_tablet inherit_phone\"  data-padding-pos=\"bottom\" data-has-bg-color=\"false\" data-bg-color=\"\" data-bg-opacity=\"1\" data-animation=\"\" data-delay=\"0\" >\n\t\t<div class=\"vc_column-inner\" >\n\t\t\t<div class=\"wpb_wrapper\">\n\t\t\t\t<div class=\"img-with-aniamtion-wrap\" data-max-width=\"100%\" data-max-width-mobile=\"default\" data-shadow=\"none\" data-animation=\"none\" >\n      <div class=\"inner\">\n        <div class=\"hover-wrap\"> \n          <div class=\"hover-wrap-inner\">\n            <img loading=\"lazy\" decoding=\"async\" class=\"img-with-animation skip-lazy\" data-delay=\"0\" height=\"126\" width=\"600\" data-animation=\"none\" src=\"https:\/\/simplex.lt\/wp-content\/uploads\/2025\/01\/ESparama.png\" alt=\"\" srcset=\"https:\/\/simplex.lt\/wp-content\/uploads\/2025\/01\/ESparama.png 600w, https:\/\/simplex.lt\/wp-content\/uploads\/2025\/01\/ESparama-300x63.png 300w\" sizes=\"auto, (max-width: 600px) 100vw, 600px\" \/>\n          <\/div>\n        <\/div>\n      <\/div>\n    <\/div><div id=\"fws_69d344c6522d4\" data-midnight=\"\" data-column-margin=\"default\" class=\"wpb_row vc_row-fluid vc_row inner_row\"  style=\"\"><div class=\"row-bg-wrap\"> <div class=\"row-bg\" ><\/div> <\/div><div class=\"row_col_wrap_12_inner col span_12  left\">\n\t<div  class=\"vc_col-sm-12 wpb_column column_container vc_column_container col child_column has-animation no-extra-padding inherit_tablet inherit_phone\"    data-t-w-inherits=\"small_desktop\" data-padding-pos=\"all\" data-has-bg-color=\"false\" data-bg-color=\"\" data-bg-opacity=\"1\" data-animation=\"fade-in-from-bottom\" data-delay=\"100\" >\n\t\t<div class=\"vc_column-inner\" >\n\t\t<div class=\"wpb_wrapper\">\n\t\t\t\n<div class=\"wpb_text_column wpb_content_element\" >\n\t<div class=\"wpb_wrapper\">\n\t\t<p><strong>Project Title: Implementation of E-Sales Transaction Solutions at V\u0161\u012e \"Just Projects\"<\/strong><\/p>\n<p class=\"translation-block\">Project <strong>Objective:<\/strong> The project aims to implement e-sales transaction solutions, enabling SMEs to transition towards the digitization of manufactured products, electronic commerce, and delivery. Through this initiative, the company seeks to drive digital transformation by adopting an e-commerce model that includes:\n\nOnline product presentation. Customizable product parameters (allowing users to modify product configurations before ordering). Shopping cart functionality. Secure payment processing. The company plans to implement the latest e-commerce models and supporting technologies, allowing users to purchase and configure products digitally via the website. The ultimate goal of the project is to increase SME operational efficiency and revenue while adapting to digital product sales and delivery.<\/p>\n\t<\/div>\n<\/div>\n\n\n\n\n\t\t<\/div> \n\t<\/div>\n\t<\/div> \n<\/div><\/div>\n<div class=\"wpb_text_column wpb_content_element\" >\n\t<div class=\"wpb_wrapper\">\n\t\t<p class=\"translation-block\">Project <strong>Outcomes:<\/strong> Implementation of e-sales transaction solutions.<\/p>\n<p style=\"font-size: 14px;\">Project Implementation Framework: The project is carried out under the 02-033-K SME Digitization Measure.<br \/>\nProject Budget: Total Budget: \u20ac45,801.35 EU Funded Amount: \u20ac22,900.67<br \/>\nProject Duration: Implementation Period: 12 months,  Start Date: June 10, 2024, End Date: June 10, 2025<\/p>\n<p><strong>Contact information:<\/strong><br \/>\nV\u0161\u012e \u201eJust Projects\u201c,<br \/>\nKontaktiniai asmenys:<br \/>\nVadovas Arvydas Tryb\u0117, tel. +370 6 0131 453<\/p>\n\t<\/div>\n<\/div>\n\n\n\n\n\t\t\t<\/div> \n\t\t<\/div>\n\t<\/div> \n<\/div><\/div>","protected":false},"excerpt":{"rendered":"Projekto pavadinimas: \u201eE. pardavimo sandori\u0173 sudarymo sprendim\u0173 diegimas V\u0161\u012e \u201eJust Projects\u201c \u201c Projekto tikslas \u2013 E. pardavimo sandori\u0173 sudarymo sprendim\u0173 diegimas. e. pardavimo sandori\u0173 sudarymo sprendim\u0173 diegimas, siekiant MV\u012e persiorientuoti...","protected":false},"author":1,"featured_media":0,"parent":0,"menu_order":0,"comment_status":"closed","ping_status":"closed","template":"","meta":{"footnotes":""},"class_list":["post-149","page","type-page","status-publish"],"yoast_head":"<!-- This site is optimized with the Yoast SEO plugin v27.0 - https:\/\/yoast.com\/product\/yoast-seo-wordpress\/ -->\n<title>ES Parama - Simplex<\/title>\n<meta name=\"robots\" content=\"index, follow, max-snippet:-1, max-image-preview:large, max-video-preview:-1\" \/>\n<link rel=\"canonical\" href=\"https:\/\/darkcyan-deer-662487.hostingersite.com\/es-parama\/\" \/>\n<meta property=\"og:locale\" content=\"en_US\" \/>\n<meta property=\"og:type\" content=\"article\" \/>\n<meta property=\"og:title\" content=\"ES Parama - Simplex\" \/>\n<meta property=\"og:url\" content=\"https:\/\/darkcyan-deer-662487.hostingersite.com\/es-parama\/\" \/>\n<meta property=\"og:site_name\" content=\"Simplex\" \/>\n<meta property=\"article:publisher\" content=\"https:\/\/www.facebook.com\/simplexprojects\" \/>\n<meta property=\"article:modified_time\" content=\"2025-01-06T12:03:20+00:00\" \/>\n<meta name=\"twitter:card\" content=\"summary_large_image\" \/>\n<meta name=\"twitter:label1\" content=\"Est. reading time\" \/>\n\t<meta name=\"twitter:data1\" content=\"3 minutes\" \/>\n<script type=\"application\/ld+json\" class=\"yoast-schema-graph\">{\"@context\":\"https:\/\/schema.org\",\"@graph\":[{\"@type\":\"WebPage\",\"@id\":\"https:\/\/darkcyan-deer-662487.hostingersite.com\/es-parama\/\",\"url\":\"https:\/\/darkcyan-deer-662487.hostingersite.com\/es-parama\/\",\"name\":\"ES Parama - Simplex\",\"isPartOf\":{\"@id\":\"https:\/\/darkcyan-deer-662487.hostingersite.com\/#website\"},\"datePublished\":\"2024-12-28T11:51:13+00:00\",\"dateModified\":\"2025-01-06T12:03:20+00:00\",\"breadcrumb\":{\"@id\":\"https:\/\/darkcyan-deer-662487.hostingersite.com\/es-parama\/#breadcrumb\"},\"inLanguage\":\"en-US\",\"potentialAction\":[{\"@type\":\"ReadAction\",\"target\":[\"https:\/\/darkcyan-deer-662487.hostingersite.com\/es-parama\/\"]}]},{\"@type\":\"BreadcrumbList\",\"@id\":\"https:\/\/darkcyan-deer-662487.hostingersite.com\/es-parama\/#breadcrumb\",\"itemListElement\":[{\"@type\":\"ListItem\",\"position\":1,\"name\":\"Home\",\"item\":\"https:\/\/simplex.lt\/\"},{\"@type\":\"ListItem\",\"position\":2,\"name\":\"ES Parama\"}]},{\"@type\":\"WebSite\",\"@id\":\"https:\/\/darkcyan-deer-662487.hostingersite.com\/#website\",\"url\":\"https:\/\/darkcyan-deer-662487.hostingersite.com\/\",\"name\":\"Simplex\",\"description\":\"IT sprendimai J\u016bs\u0173 verslui\",\"publisher\":{\"@id\":\"https:\/\/darkcyan-deer-662487.hostingersite.com\/#organization\"},\"potentialAction\":[{\"@type\":\"SearchAction\",\"target\":{\"@type\":\"EntryPoint\",\"urlTemplate\":\"https:\/\/darkcyan-deer-662487.hostingersite.com\/?s={search_term_string}\"},\"query-input\":{\"@type\":\"PropertyValueSpecification\",\"valueRequired\":true,\"valueName\":\"search_term_string\"}}],\"inLanguage\":\"en-US\"},{\"@type\":\"Organization\",\"@id\":\"https:\/\/darkcyan-deer-662487.hostingersite.com\/#organization\",\"name\":\"Simplex\",\"url\":\"https:\/\/darkcyan-deer-662487.hostingersite.com\/\",\"logo\":{\"@type\":\"ImageObject\",\"inLanguage\":\"en-US\",\"@id\":\"https:\/\/darkcyan-deer-662487.hostingersite.com\/#\/schema\/logo\/image\/\",\"url\":\"http:\/\/simplex.lt\/wp-content\/uploads\/2024\/12\/Simplex-logo-44.png\",\"contentUrl\":\"http:\/\/simplex.lt\/wp-content\/uploads\/2024\/12\/Simplex-logo-44.png\",\"width\":804,\"height\":142,\"caption\":\"Simplex\"},\"image\":{\"@id\":\"https:\/\/darkcyan-deer-662487.hostingersite.com\/#\/schema\/logo\/image\/\"},\"sameAs\":[\"https:\/\/www.facebook.com\/simplexprojects\"]}]}<\/script>\n<!-- \/ Yoast SEO plugin. -->","yoast_head_json":{"title":"ES Parama - Simplex","robots":{"index":"index","follow":"follow","max-snippet":"max-snippet:-1","max-image-preview":"max-image-preview:large","max-video-preview":"max-video-preview:-1"},"canonical":"https:\/\/darkcyan-deer-662487.hostingersite.com\/es-parama\/","og_locale":"en_US","og_type":"article","og_title":"ES Parama - Simplex","og_url":"https:\/\/darkcyan-deer-662487.hostingersite.com\/es-parama\/","og_site_name":"Simplex","article_publisher":"https:\/\/www.facebook.com\/simplexprojects","article_modified_time":"2025-01-06T12:03:20+00:00","twitter_card":"summary_large_image","twitter_misc":{"Est. reading time":"3 minutes"},"schema":{"@context":"https:\/\/schema.org","@graph":[{"@type":"WebPage","@id":"https:\/\/darkcyan-deer-662487.hostingersite.com\/es-parama\/","url":"https:\/\/darkcyan-deer-662487.hostingersite.com\/es-parama\/","name":"ES Parama - Simplex","isPartOf":{"@id":"https:\/\/darkcyan-deer-662487.hostingersite.com\/#website"},"datePublished":"2024-12-28T11:51:13+00:00","dateModified":"2025-01-06T12:03:20+00:00","breadcrumb":{"@id":"https:\/\/darkcyan-deer-662487.hostingersite.com\/es-parama\/#breadcrumb"},"inLanguage":"en-US","potentialAction":[{"@type":"ReadAction","target":["https:\/\/darkcyan-deer-662487.hostingersite.com\/es-parama\/"]}]},{"@type":"BreadcrumbList","@id":"https:\/\/darkcyan-deer-662487.hostingersite.com\/es-parama\/#breadcrumb","itemListElement":[{"@type":"ListItem","position":1,"name":"Home","item":"https:\/\/simplex.lt\/"},{"@type":"ListItem","position":2,"name":"ES Parama"}]},{"@type":"WebSite","@id":"https:\/\/darkcyan-deer-662487.hostingersite.com\/#website","url":"https:\/\/darkcyan-deer-662487.hostingersite.com\/","name":"Simplex","description":"IT sprendimai J\u016bs\u0173 verslui","publisher":{"@id":"https:\/\/darkcyan-deer-662487.hostingersite.com\/#organization"},"potentialAction":[{"@type":"SearchAction","target":{"@type":"EntryPoint","urlTemplate":"https:\/\/darkcyan-deer-662487.hostingersite.com\/?s={search_term_string}"},"query-input":{"@type":"PropertyValueSpecification","valueRequired":true,"valueName":"search_term_string"}}],"inLanguage":"en-US"},{"@type":"Organization","@id":"https:\/\/darkcyan-deer-662487.hostingersite.com\/#organization","name":"Simplex","url":"https:\/\/darkcyan-deer-662487.hostingersite.com\/","logo":{"@type":"ImageObject","inLanguage":"en-US","@id":"https:\/\/darkcyan-deer-662487.hostingersite.com\/#\/schema\/logo\/image\/","url":"http:\/\/simplex.lt\/wp-content\/uploads\/2024\/12\/Simplex-logo-44.png","contentUrl":"http:\/\/simplex.lt\/wp-content\/uploads\/2024\/12\/Simplex-logo-44.png","width":804,"height":142,"caption":"Simplex"},"image":{"@id":"https:\/\/darkcyan-deer-662487.hostingersite.com\/#\/schema\/logo\/image\/"},"sameAs":["https:\/\/www.facebook.com\/simplexprojects"]}]}},"_links":{"self":[{"href":"https:\/\/simplex.lt\/en\/wp-json\/wp\/v2\/pages\/149","targetHints":{"allow":["GET"]}}],"collection":[{"href":"https:\/\/simplex.lt\/en\/wp-json\/wp\/v2\/pages"}],"about":[{"href":"https:\/\/simplex.lt\/en\/wp-json\/wp\/v2\/types\/page"}],"author":[{"embeddable":true,"href":"https:\/\/simplex.lt\/en\/wp-json\/wp\/v2\/users\/1"}],"replies":[{"embeddable":true,"href":"https:\/\/simplex.lt\/en\/wp-json\/wp\/v2\/comments?post=149"}],"version-history":[{"count":7,"href":"https:\/\/simplex.lt\/en\/wp-json\/wp\/v2\/pages\/149\/revisions"}],"predecessor-version":[{"id":216,"href":"https:\/\/simplex.lt\/en\/wp-json\/wp\/v2\/pages\/149\/revisions\/216"}],"wp:attachment":[{"href":"https:\/\/simplex.lt\/en\/wp-json\/wp\/v2\/media?parent=149"}],"curies":[{"name":"wp","href":"https:\/\/api.w.org\/{rel}","templated":true}]}}