{"id":175,"date":"2024-12-30T11:33:22","date_gmt":"2024-12-30T11:33:22","guid":{"rendered":"https:\/\/darkcyan-deer-662487.hostingersite.com\/?page_id=175"},"modified":"2025-12-08T19:46:03","modified_gmt":"2025-12-08T17:46:03","slug":"privatumo-politika","status":"publish","type":"page","link":"https:\/\/simplex.lt\/en\/privatumo-politika\/","title":{"rendered":"Privacy Policy"},"content":{"rendered":"<div id=\"fws_69d3439201ef3\"  data-column-margin=\"default\" data-midnight=\"dark\" data-top-percent=\"10%\" data-bottom-percent=\"3%\"  class=\"wpb_row vc_row-fluid vc_row full-width-section  top_padding_tablet_20pct top_padding_phone_20pct bottom_padding_tablet_3pct bottom_padding_phone_3pct\"  style=\"padding-top: calc(100vw * 0.10); padding-bottom: calc(100vw * 0.03); \"><div class=\"row-bg-wrap\" data-bg-animation=\"none\" data-bg-animation-delay=\"\" data-bg-overlay=\"false\"><div class=\"inner-wrap row-bg-layer\" ><div class=\"row-bg viewport-desktop\"  style=\"\"><\/div><\/div><\/div><div class=\"row_col_wrap_12 col span_12 dark left\">\n\t<div  class=\"vc_col-sm-12 wpb_column column_container vc_column_container col no-extra-padding inherit_tablet inherit_phone\"  data-padding-pos=\"all\" data-has-bg-color=\"false\" data-bg-color=\"\" data-bg-opacity=\"1\" data-animation=\"\" data-delay=\"0\" >\n\t\t<div class=\"vc_column-inner\" >\n\t\t\t<div class=\"wpb_wrapper\">\n\t\t\t\t<h2 style=\"text-align: left\" class=\"vc_custom_heading vc_do_custom_heading\" >Privatumo Politika<\/h2>\n<div class=\"wpb_text_column wpb_content_element\" >\n\t<div class=\"wpb_wrapper\">\n\t\t<ol>\n<li><strong>Koki\u0105 informacij\u0105 mes renkame?<\/strong><br \/>\nMes galime rinkti, saugoti ir naudoti \u017eemiau nurodyt\u0173 r\u016b\u0161i\u0173 informacij\u0105:<br \/>\n\u2022 informacij\u0105 apie J\u016bs\u0173 kompiuter\u012f ir apie J\u016bs\u0173 apsilankymus \u0161ioje interneto svetain\u0117je bei naudojim\u0105si \u0161ia interneto svetaine (\u012fskaitant J\u016bs\u0173 IP adres\u0105, geografin\u0119 viet\u0105, nar\u0161ykl\u0117s tip\u0105, i\u0161 kur buvote nukreiptas, lankymosi trukm\u0119 ir puslapi\u0173 \u017ei\u016br\u0117jim\u0173 skai\u010di\u0173);<br \/>\n\u2022 bet koki\u0105 kit\u0105 informacij\u0105, kuri\u0105 J\u016bs savo pasirinkimu siun\u010diate mums.<\/li>\n<li><strong>Slapukai<\/strong><br \/>\nSlapuk\u0105 sudaro informacija, tinklo tarnybin\u0117s stoties siun\u010diama interneto nar\u0161yklei ir laikoma nar\u0161ykl\u0117s. \u0160i informacija v\u0117liau siun\u010diama atgal tarnybinei sto\u010diai kaskart kai nar\u0161ykl\u0117 papra\u0161o puslapio i\u0161 tos tarnybin\u0117s stoties. Tai leid\u017eia tai tinklo tarnybinei sto\u010diai identifikuoti ir sekti interneto nar\u0161ykl\u0119. Mes naudojame Google Analytics naudojimuisi \u0161ia interneto svetaine analizuoti. Google Analytics generuoja statistin\u0119 ir kit\u0105 informacij\u0105 apie naudojim\u0105si svetaine panaudodama slapukus, kurie laikomi vartotoj\u0173 kompiuteriuose. Generuojama su m\u016bs\u0173 interneto svetaine susijusi informacija yra naudojama kurti ataskaitas apie naudojim\u0105si \u0161ia interneto svetaine. \u0160i\u0105 informacij\u0105 laikys Google. Google privatumo politika prieinama \u010dia:\u00a0<a href=\"http:\/\/www.google.com\/privacypolicy.html\">http:\/\/www.google.com\/privacypolicy.html\u00a0<\/a>. Pas mus besireklamuojantieji arba mok\u0117jimo paslaug\u0173 teik\u0117jai irgi gali si\u0173sti Jums slapukus. Savo interneto svetain\u0117je mes skelbiame Google Adsense interesais paremtas reklamas. Jas taip, kad atspind\u0117t\u0173 J\u016bs\u0173 interesus, parenka Google. Kad nustatyt\u0173 J\u016bs\u0173 interesus, Google seks J\u016bs\u0173 elges\u012f internete naudodama slapukus. J\u016bs galite per\u017ei\u016br\u0117ti, i\u0161trinti ir prid\u0117ti interes\u0173 kategorijas, susietas su J\u016bs\u0173 nar\u0161ykle, naudodami Google bendrov\u0117s Ads Preference Manager, kur\u012f galima rasti adresu\u00a0<a href=\"http:\/\/www.google.com\/ads\/preferences\/\">http:\/\/www.google.com\/ads\/preferences\/<\/a>. J\u016bs galite atsisakyti Adsense partneri\u0173 tinklo slapuko adresu\u00a0<a href=\"http:\/\/www.google.com\/privacy_ads.html\">http:\/\/www.google.com\/privacy_ads.html\u00a0<\/a>. Ta\u010diau \u0161iame atsisakymo mechanizme naudojamas slapukas, ir jeigu J\u016bs i\u0161trinsite slapukus i\u0161 savo kompiuterio, tai J\u016bs\u0173 atsisakymas nebus i\u0161saugotas. Kad u\u017esitikrintum\u0117te, jog atsisakymas b\u016bt\u0173 i\u0161saugotas konkre\u010diai nar\u0161yklei, tur\u0117tum\u0117te naudoti Google nar\u0161ykl\u0117s \u012fskiep\u012f, kur\u012f galima rasti adresu\u00a0<a href=\"http:\/\/www.google.com\/ads\/preferences\/plugin\">http:\/\/www.google.com\/ads\/preferences\/plugin\u00a0<\/a>. Dauguma nar\u0161ykli\u0173 leid\u017eia Jums nepriimti joki\u0173 slapuk\u0173, nors tam tikros nar\u0161ykl\u0117s leid\u017eia Jums nepriimti tik tre\u010di\u0173j\u0173 \u0161ali\u0173 slapuk\u0173. Pavyzd\u017eiui, Internet Explorer nar\u0161ykl\u0117je galite atsisakyti vis\u0173 slapuk\u0173 spausdami \u201eTools\u201c &gt; \u201eInternet Options\u201c &gt; \u201ePrivacy\u201c ir pasirinkdami \u201eBlock all cookies\u201c (tai daroma paslenkant perjungikl\u012f). Ta\u010diau vis\u0173 slapuk\u0173 blokavimas tur\u0117s neigiam\u0105 \u012ftak\u0105 galimybei naudotis daugeliu interneto svetaini\u0173, \u012fskaitant \u0161i\u0105.<\/li>\n<li><strong>J\u016bs\u0173 asmenini\u0173 duomen\u0173 naudojimas<\/strong><br \/>\nAsmeniniai duomenys, pateikti \u0161ioje interneto svetain\u0117je, bus naudojami tikslams, nurodytiems \u0161ioje privatumo politikoje arba aktualiose \u0161ios interneto svetain\u0117s dalyse. Mes galime naudoti j\u016bs\u0173 asmenin\u0119 informacij\u0105 \u0161iems tikslams:<br \/>\n\u2022 J\u016bs\u0173 nar\u0161ymo patir\u010diai gerinti, pritaikydami \u0161i\u0105 interneto svetain\u0119 asmeniniams poreikiams;<br \/>\n\u2022 tre\u010diosioms \u0161alims suteikti statistin\u0119 informacij\u0105 apie m\u016bs\u0173 vartotojus, ta\u010diau \u0161i informacija nebus naudojama jokiam atskiram vartotojui identifikuoti;<br \/>\nBe ai\u0161kaus j\u016bs\u0173 sutikimo mes neteiksime j\u016bs\u0173 asmenini\u0173 duomen\u0173 jokioms tre\u010diosioms \u0161alims tiesiogin\u0117s rinkodaros tikslais.<\/li>\n<li><strong>Politikos pakeitimai<\/strong><br \/>\nMes galime retkar\u010diais atnaujinti \u0161i\u0105 privatumo politik\u0105 paskelbdami nauj\u0105 versij\u0105 savo interneto svetain\u0117je. Kartkart\u0117mis J\u016bs tur\u0117tum\u0117te per\u017ei\u016br\u0117ti \u0161\u012f puslap\u012f, kad \u012fsitikintum\u0117te, jog esate patenkintas bet kokiais pasikeitimais.<\/li>\n<li><strong>Prek\u0117s \u017eenklas ir duomen\u0173 tvarkymas<\/strong><br \/>\nVisi \u0161ioje internetin\u0117je svetain\u0117je www.simplex.lt renkami ir tvarkomi asmens duomenys priklauso ir yra valdomi V\u0161\u012e Just Projects \u012fm.k. 303043967.<br \/>\nPrek\u0117s \u017eenklas &#8222;Simplex&#8221; yra teis\u0117tai valdomas ir naudojamas V\u0161\u012e Just Projects \u012fm.k. 303043967.<br \/>\nAsmens duomenys renkami ir tvarkomi laikantis:<br \/>\n2016 m. baland\u017eio 27 d. Europos Parlamento ir Tarybos reglamento (ES) 2016\/679 (BDAR)<br \/>\nLietuvos Respublikos asmens duomen\u0173 teisin\u0117s apsaugos \u012fstatymo ir kit\u0173 galiojan\u010di\u0173 teis\u0117s akt\u0173.<\/li>\n<\/ol>\n\t<\/div>\n<\/div>\n\n\n\n\n\t\t\t<\/div> \n\t\t<\/div>\n\t<\/div> \n<\/div><\/div>","protected":false},"excerpt":{"rendered":"Privatumo Politika Koki\u0105 informacij\u0105 mes renkame? Mes galime rinkti, saugoti ir naudoti \u017eemiau nurodyt\u0173 r\u016b\u0161i\u0173 informacij\u0105: \u2022 informacij\u0105 apie J\u016bs\u0173 kompiuter\u012f ir apie J\u016bs\u0173 apsilankymus \u0161ioje interneto svetain\u0117je bei naudojim\u0105si...","protected":false},"author":1,"featured_media":0,"parent":0,"menu_order":0,"comment_status":"closed","ping_status":"closed","template":"","meta":{"footnotes":""},"class_list":["post-175","page","type-page","status-publish"],"yoast_head":"<!-- This site is optimized with the Yoast SEO plugin v27.0 - https:\/\/yoast.com\/product\/yoast-seo-wordpress\/ -->\n<title>Privatumo politika - Simplex<\/title>\n<meta name=\"robots\" content=\"index, follow, max-snippet:-1, max-image-preview:large, max-video-preview:-1\" \/>\n<link rel=\"canonical\" href=\"https:\/\/darkcyan-deer-662487.hostingersite.com\/privatumo-politika\/\" \/>\n<meta property=\"og:locale\" content=\"en_US\" \/>\n<meta property=\"og:type\" content=\"article\" \/>\n<meta property=\"og:title\" content=\"Privatumo politika - Simplex\" \/>\n<meta property=\"og:url\" content=\"https:\/\/darkcyan-deer-662487.hostingersite.com\/privatumo-politika\/\" \/>\n<meta property=\"og:site_name\" content=\"Simplex\" \/>\n<meta property=\"article:publisher\" content=\"https:\/\/www.facebook.com\/simplexprojects\" \/>\n<meta property=\"article:modified_time\" content=\"2025-12-08T17:46:03+00:00\" \/>\n<meta name=\"twitter:card\" content=\"summary_large_image\" \/>\n<meta name=\"twitter:label1\" content=\"Est. reading time\" \/>\n\t<meta name=\"twitter:data1\" content=\"4 minutes\" \/>\n<script type=\"application\/ld+json\" class=\"yoast-schema-graph\">{\"@context\":\"https:\/\/schema.org\",\"@graph\":[{\"@type\":\"WebPage\",\"@id\":\"https:\/\/darkcyan-deer-662487.hostingersite.com\/privatumo-politika\/\",\"url\":\"https:\/\/darkcyan-deer-662487.hostingersite.com\/privatumo-politika\/\",\"name\":\"Privatumo politika - Simplex\",\"isPartOf\":{\"@id\":\"https:\/\/darkcyan-deer-662487.hostingersite.com\/#website\"},\"datePublished\":\"2024-12-30T11:33:22+00:00\",\"dateModified\":\"2025-12-08T17:46:03+00:00\",\"breadcrumb\":{\"@id\":\"https:\/\/darkcyan-deer-662487.hostingersite.com\/privatumo-politika\/#breadcrumb\"},\"inLanguage\":\"en-US\",\"potentialAction\":[{\"@type\":\"ReadAction\",\"target\":[\"https:\/\/darkcyan-deer-662487.hostingersite.com\/privatumo-politika\/\"]}]},{\"@type\":\"BreadcrumbList\",\"@id\":\"https:\/\/darkcyan-deer-662487.hostingersite.com\/privatumo-politika\/#breadcrumb\",\"itemListElement\":[{\"@type\":\"ListItem\",\"position\":1,\"name\":\"Home\",\"item\":\"https:\/\/simplex.lt\/\"},{\"@type\":\"ListItem\",\"position\":2,\"name\":\"Privatumo politika\"}]},{\"@type\":\"WebSite\",\"@id\":\"https:\/\/darkcyan-deer-662487.hostingersite.com\/#website\",\"url\":\"https:\/\/darkcyan-deer-662487.hostingersite.com\/\",\"name\":\"Simplex\",\"description\":\"IT sprendimai J\u016bs\u0173 verslui\",\"publisher\":{\"@id\":\"https:\/\/darkcyan-deer-662487.hostingersite.com\/#organization\"},\"potentialAction\":[{\"@type\":\"SearchAction\",\"target\":{\"@type\":\"EntryPoint\",\"urlTemplate\":\"https:\/\/darkcyan-deer-662487.hostingersite.com\/?s={search_term_string}\"},\"query-input\":{\"@type\":\"PropertyValueSpecification\",\"valueRequired\":true,\"valueName\":\"search_term_string\"}}],\"inLanguage\":\"en-US\"},{\"@type\":\"Organization\",\"@id\":\"https:\/\/darkcyan-deer-662487.hostingersite.com\/#organization\",\"name\":\"Simplex\",\"url\":\"https:\/\/darkcyan-deer-662487.hostingersite.com\/\",\"logo\":{\"@type\":\"ImageObject\",\"inLanguage\":\"en-US\",\"@id\":\"https:\/\/darkcyan-deer-662487.hostingersite.com\/#\/schema\/logo\/image\/\",\"url\":\"http:\/\/simplex.lt\/wp-content\/uploads\/2024\/12\/Simplex-logo-44.png\",\"contentUrl\":\"http:\/\/simplex.lt\/wp-content\/uploads\/2024\/12\/Simplex-logo-44.png\",\"width\":804,\"height\":142,\"caption\":\"Simplex\"},\"image\":{\"@id\":\"https:\/\/darkcyan-deer-662487.hostingersite.com\/#\/schema\/logo\/image\/\"},\"sameAs\":[\"https:\/\/www.facebook.com\/simplexprojects\"]}]}<\/script>\n<!-- \/ Yoast SEO plugin. -->","yoast_head_json":{"title":"Privatumo politika - Simplex","robots":{"index":"index","follow":"follow","max-snippet":"max-snippet:-1","max-image-preview":"max-image-preview:large","max-video-preview":"max-video-preview:-1"},"canonical":"https:\/\/darkcyan-deer-662487.hostingersite.com\/privatumo-politika\/","og_locale":"en_US","og_type":"article","og_title":"Privatumo politika - Simplex","og_url":"https:\/\/darkcyan-deer-662487.hostingersite.com\/privatumo-politika\/","og_site_name":"Simplex","article_publisher":"https:\/\/www.facebook.com\/simplexprojects","article_modified_time":"2025-12-08T17:46:03+00:00","twitter_card":"summary_large_image","twitter_misc":{"Est. reading time":"4 minutes"},"schema":{"@context":"https:\/\/schema.org","@graph":[{"@type":"WebPage","@id":"https:\/\/darkcyan-deer-662487.hostingersite.com\/privatumo-politika\/","url":"https:\/\/darkcyan-deer-662487.hostingersite.com\/privatumo-politika\/","name":"Privatumo politika - Simplex","isPartOf":{"@id":"https:\/\/darkcyan-deer-662487.hostingersite.com\/#website"},"datePublished":"2024-12-30T11:33:22+00:00","dateModified":"2025-12-08T17:46:03+00:00","breadcrumb":{"@id":"https:\/\/darkcyan-deer-662487.hostingersite.com\/privatumo-politika\/#breadcrumb"},"inLanguage":"en-US","potentialAction":[{"@type":"ReadAction","target":["https:\/\/darkcyan-deer-662487.hostingersite.com\/privatumo-politika\/"]}]},{"@type":"BreadcrumbList","@id":"https:\/\/darkcyan-deer-662487.hostingersite.com\/privatumo-politika\/#breadcrumb","itemListElement":[{"@type":"ListItem","position":1,"name":"Home","item":"https:\/\/simplex.lt\/"},{"@type":"ListItem","position":2,"name":"Privatumo politika"}]},{"@type":"WebSite","@id":"https:\/\/darkcyan-deer-662487.hostingersite.com\/#website","url":"https:\/\/darkcyan-deer-662487.hostingersite.com\/","name":"Simplex","description":"IT sprendimai J\u016bs\u0173 verslui","publisher":{"@id":"https:\/\/darkcyan-deer-662487.hostingersite.com\/#organization"},"potentialAction":[{"@type":"SearchAction","target":{"@type":"EntryPoint","urlTemplate":"https:\/\/darkcyan-deer-662487.hostingersite.com\/?s={search_term_string}"},"query-input":{"@type":"PropertyValueSpecification","valueRequired":true,"valueName":"search_term_string"}}],"inLanguage":"en-US"},{"@type":"Organization","@id":"https:\/\/darkcyan-deer-662487.hostingersite.com\/#organization","name":"Simplex","url":"https:\/\/darkcyan-deer-662487.hostingersite.com\/","logo":{"@type":"ImageObject","inLanguage":"en-US","@id":"https:\/\/darkcyan-deer-662487.hostingersite.com\/#\/schema\/logo\/image\/","url":"http:\/\/simplex.lt\/wp-content\/uploads\/2024\/12\/Simplex-logo-44.png","contentUrl":"http:\/\/simplex.lt\/wp-content\/uploads\/2024\/12\/Simplex-logo-44.png","width":804,"height":142,"caption":"Simplex"},"image":{"@id":"https:\/\/darkcyan-deer-662487.hostingersite.com\/#\/schema\/logo\/image\/"},"sameAs":["https:\/\/www.facebook.com\/simplexprojects"]}]}},"_links":{"self":[{"href":"https:\/\/simplex.lt\/en\/wp-json\/wp\/v2\/pages\/175","targetHints":{"allow":["GET"]}}],"collection":[{"href":"https:\/\/simplex.lt\/en\/wp-json\/wp\/v2\/pages"}],"about":[{"href":"https:\/\/simplex.lt\/en\/wp-json\/wp\/v2\/types\/page"}],"author":[{"embeddable":true,"href":"https:\/\/simplex.lt\/en\/wp-json\/wp\/v2\/users\/1"}],"replies":[{"embeddable":true,"href":"https:\/\/simplex.lt\/en\/wp-json\/wp\/v2\/comments?post=175"}],"version-history":[{"count":7,"href":"https:\/\/simplex.lt\/en\/wp-json\/wp\/v2\/pages\/175\/revisions"}],"predecessor-version":[{"id":891,"href":"https:\/\/simplex.lt\/en\/wp-json\/wp\/v2\/pages\/175\/revisions\/891"}],"wp:attachment":[{"href":"https:\/\/simplex.lt\/en\/wp-json\/wp\/v2\/media?parent=175"}],"curies":[{"name":"wp","href":"https:\/\/api.w.org\/{rel}","templated":true}]}}