{"id":182,"date":"2024-12-30T12:03:44","date_gmt":"2024-12-30T12:03:44","guid":{"rendered":"https:\/\/darkcyan-deer-662487.hostingersite.com\/?page_id=182"},"modified":"2025-08-02T09:04:41","modified_gmt":"2025-08-02T09:04:41","slug":"anketa-logotipo-kurimui","status":"publish","type":"page","link":"https:\/\/simplex.lt\/en\/anketa-logotipo-kurimui\/","title":{"rendered":"Anketa Logotipo k\u016brimui"},"content":{"rendered":"<div id=\"fws_69f2fece7625f\"  data-column-margin=\"default\" data-midnight=\"dark\" data-top-percent=\"3%\" data-bottom-percent=\"3%\"  class=\"wpb_row vc_row-fluid vc_row full-width-section\"  style=\"padding-top: calc(100vw * 0.03); padding-bottom: calc(100vw * 0.03); \"><div class=\"row-bg-wrap\" data-bg-animation=\"none\" data-bg-animation-delay=\"\" data-bg-overlay=\"false\"><div class=\"inner-wrap row-bg-layer\" ><div class=\"row-bg viewport-desktop\"  style=\"\"><\/div><\/div><\/div><div class=\"row_col_wrap_12 col span_12 dark left\">\n\t<div  class=\"vc_col-sm-12 wpb_column column_container vc_column_container col no-extra-padding inherit_tablet inherit_phone\"  data-padding-pos=\"all\" data-has-bg-color=\"false\" data-bg-color=\"\" data-bg-opacity=\"1\" data-animation=\"\" data-delay=\"0\" >\n\t\t<div class=\"vc_column-inner\" >\n\t\t\t<div class=\"wpb_wrapper\">\n\t\t\t\t<div id=\"fws_69f2fece768e8\" data-midnight=\"\" data-column-margin=\"default\" class=\"wpb_row vc_row-fluid vc_row inner_row\"  style=\"\"><div class=\"row-bg-wrap\"> <div class=\"row-bg\" ><\/div> <\/div><div class=\"row_col_wrap_12_inner col span_12  left\">\n\t<div  class=\"vc_col-sm-12 wpb_column column_container vc_column_container col child_column no-extra-padding column_element_direction_desktop_horizontal force-desktop-text-align-left inherit_tablet inherit_phone\"   data-padding-pos=\"all\" data-has-bg-color=\"false\" data-bg-color=\"\" data-bg-opacity=\"1\" data-animation=\"\" data-delay=\"0\" >\n\t\t<div class=\"vc_column-inner\" >\n\t\t<div class=\"wpb_wrapper\">\n\t\t\t<div class=\"jprojects-cta  alignment_tablet_left alignment_phone_left display_tablet_inherit display_phone_inherit\" data-color=\"default\" data-using-bg=\"false\" data-style=\"see-through\" data-display=\"inline\" data-alignment=\"right\" data-text-color=\"custom\" ><h6 style=\"color: #000000;\"> <span class=\"text\"> <\/span><span class=\"link_wrap\" style=\"padding-right: 20px; \"><a  class=\"link_text\" role=\"button\" href=\"https:\/\/simplex.lt\/en\/anketa-ui-ux\/\">UI\/UX<span class=\"arrow\"><\/span><\/a><\/span><\/h6><\/div><div class=\"jprojects-cta  alignment_tablet_left alignment_phone_left display_tablet_inherit display_phone_inherit\" data-color=\"default\" data-using-bg=\"false\" data-style=\"see-through\" data-display=\"inline\" data-alignment=\"right\" data-text-color=\"custom\" ><h6 style=\"color: #000000;\"> <span class=\"text\"> <\/span><span class=\"link_wrap\" style=\"padding-right: 20px; \"><a  class=\"link_text\" role=\"button\" href=\"https:\/\/simplex.lt\/en\/anketa-brandbook\/\">Brandbook<span class=\"arrow\"><\/span><\/a><\/span><\/h6><\/div><div class=\"jprojects-cta  alignment_tablet_left alignment_phone_left display_tablet_inherit display_phone_inherit\" data-color=\"default\" data-using-bg=\"false\" data-style=\"see-through\" data-display=\"inline\" data-alignment=\"right\" data-text-color=\"custom\" ><h6 style=\"color: #3452ff;\"> <span class=\"text\"> <\/span><span class=\"link_wrap\" ><a  class=\"link_text\" role=\"button\" href=\"https:\/\/simplex.lt\/en\/anketa-logotipo-kurimui\/\">Logo<span class=\"arrow\"><\/span><\/a><\/span><\/h6><\/div>\n\t\t<\/div> \n\t<\/div>\n\t<\/div> \n<\/div><\/div>\n<div class=\"wpcf7 no-js\" id=\"wpcf7-f204-o1\" lang=\"lt-LT\" dir=\"ltr\" data-wpcf7-id=\"204\">\n<div class=\"screen-reader-response\"><p role=\"status\" aria-live=\"polite\" aria-atomic=\"true\"><\/p> <ul><\/ul><\/div>\n<form action=\"\/en\/wp-json\/wp\/v2\/pages\/182#wpcf7-f204-o1\" method=\"post\" class=\"wpcf7-form init\" aria-label=\"Kontakt\u0173 forma\" novalidate=\"novalidate\" data-status=\"init\" data-trp-original-action=\"\/en\/wp-json\/wp\/v2\/pages\/182#wpcf7-f204-o1\">\n<fieldset class=\"hidden-fields-container\"><input type=\"hidden\" name=\"_wpcf7\" value=\"204\" \/><input type=\"hidden\" name=\"_wpcf7_version\" value=\"6.1.4\" \/><input type=\"hidden\" name=\"_wpcf7_locale\" value=\"lt_LT\" \/><input type=\"hidden\" name=\"_wpcf7_unit_tag\" value=\"wpcf7-f204-o1\" \/><input type=\"hidden\" name=\"_wpcf7_container_post\" value=\"0\" \/><input type=\"hidden\" name=\"_wpcf7_posted_data_hash\" value=\"\" \/>\n<\/fieldset>\n<h2>Inquiry Form for Logo Creation\n<\/h2>\n<p><span class=\"reqsub\">Please fill out the form. Provide the information as detailed and comprehensive as possible.<\/span>\n<\/p>\n<div class=\"reqblock\">\n\t<h3><span class=\"reqtitle\">1. Contact Information<\/span>\n\t<\/h3>\n\t<div class=\"row\">\n\t\t<div class=\"col span_4\">\n\t\t\t<p><label for=\"your-name\"><span class=\"reqsub\">Name*<\/span><\/label><br \/>\n<span class=\"wpcf7-form-control-wrap\" data-name=\"your-name\"><input size=\"40\" maxlength=\"400\" class=\"wpcf7-form-control wpcf7-text wpcf7-validates-as-required\" aria-required=\"true\" aria-invalid=\"false\" placeholder=\"Name \/ Company\" value=\"\" type=\"text\" name=\"your-name\" \/><\/span>\n\t\t\t<\/p>\n\t\t<\/div>\n\t\t<div class=\"col span_4\">\n\t\t\t<p><label for=\"email\"><span class=\"reqsub\">Email*<\/span><\/label><br \/>\n<span class=\"wpcf7-form-control-wrap\" data-name=\"email\"><input size=\"40\" maxlength=\"400\" class=\"wpcf7-form-control wpcf7-email wpcf7-validates-as-required wpcf7-text wpcf7-validates-as-email\" aria-required=\"true\" aria-invalid=\"false\" placeholder=\"@\" value=\"\" type=\"email\" name=\"email\" \/><\/span>\n\t\t\t<\/p>\n\t\t<\/div>\n\t\t<div class=\"col span_4\">\n\t\t\t<p><label for=\"phone\"><span class=\"reqsub\">Phone*<\/span><\/label><br \/>\n<span class=\"wpcf7-form-control-wrap\" data-name=\"phone\"><input size=\"40\" maxlength=\"400\" class=\"wpcf7-form-control wpcf7-text wpcf7-validates-as-required\" aria-required=\"true\" aria-invalid=\"false\" placeholder=\"+370\" value=\"\" type=\"text\" name=\"phone\" \/><\/span>\n\t\t\t<\/p>\n\t\t<\/div>\n\t<\/div>\n<\/div>\n<div class=\"reqblock\">\n\t<h3><span class=\"reqtitle\">2. Description<\/span>\n\t<\/h3>\n\t<div class=\"row\">\n\t\t<div class=\"col span_4\">\n\t\t\t<p><label for=\"domain\"><span class=\"reqsub\">Domain*<\/span> <span class=\"reqsubxs\">Available\/Planned<\/span><\/label><br \/>\n<span class=\"wpcf7-form-control-wrap\" data-name=\"domain\"><input size=\"40\" maxlength=\"400\" class=\"wpcf7-form-control wpcf7-text wpcf7-validates-as-required\" aria-required=\"true\" aria-invalid=\"false\" placeholder=\"www\" value=\"\" type=\"text\" name=\"domain\" \/><\/span>\n\t\t\t<\/p>\n\t\t<\/div>\n\t\t<div class=\"col span_8\">\n\t\t\t<p><label for=\"companyn\"><span class=\"reqsub\">Company\/Business Name*<\/span><\/label><br \/>\n<span class=\"wpcf7-form-control-wrap\" data-name=\"companyn\"><input size=\"40\" maxlength=\"400\" class=\"wpcf7-form-control wpcf7-text wpcf7-validates-as-required\" aria-required=\"true\" aria-invalid=\"false\" value=\"\" type=\"text\" name=\"companyn\" \/><\/span>\n\t\t\t<\/p>\n\t\t<\/div>\n\t<\/div>\n\t<div class=\"row\">\n\t\t<p><label for=\"your-message\"><span class=\"reqsub\">Company\/Business Description*<\/span><\/label><br \/>\n<span class=\"wpcf7-form-control-wrap\" data-name=\"your-message\"><textarea cols=\"40\" rows=\"3\" maxlength=\"2000\" class=\"wpcf7-form-control wpcf7-textarea wpcf7-validates-as-required\" aria-required=\"true\" aria-invalid=\"false\" placeholder=\"Please describe in detail the company\u2019s activity, goals, achievements, and innovations:\" name=\"your-message\"><\/textarea><\/span>\n\t\t<\/p>\n\t<\/div>\n<\/div>\n<div class=\"reqblock\">\n\t<h3><span class=\"reqtitle\">3. Design<\/span>\n\t<\/h3>\n\t<div class=\"row\">\n\t\t<div class=\"col span_12\">\n\t\t\t<p><label for=\"vision\"><span class=\"reqsub\">What should the logo reflect?*<\/span><\/label><br \/>\n<span class=\"wpcf7-form-control-wrap\" data-name=\"vision\"><input size=\"40\" maxlength=\"400\" class=\"wpcf7-form-control wpcf7-text wpcf7-validates-as-required\" aria-required=\"true\" aria-invalid=\"false\" value=\"\" type=\"text\" name=\"vision\" \/><\/span>\n\t\t\t<\/p>\n\t\t<\/div>\n\t\t<div class=\"col span_6\">\n\t\t\t<p><label for=\"color1\"><span class=\"reqsub\">What colors do you prefer?*<\/span><\/label><br \/>\n<span class=\"wpcf7-form-control-wrap\" data-name=\"color1\"><input size=\"40\" maxlength=\"400\" class=\"wpcf7-form-control wpcf7-text wpcf7-validates-as-required\" aria-required=\"true\" aria-invalid=\"false\" value=\"\" type=\"text\" name=\"color1\" \/><\/span>\n\t\t\t<\/p>\n\t\t<\/div>\n\t\t<div class=\"col span_6\">\n\t\t\t<p><label for=\"color2\"><span class=\"reqsub\">What colors would you not want to see in the logo?*<\/span><\/label><br \/>\n<span class=\"wpcf7-form-control-wrap\" data-name=\"color2\"><input size=\"40\" maxlength=\"400\" class=\"wpcf7-form-control wpcf7-text wpcf7-validates-as-required\" aria-required=\"true\" aria-invalid=\"false\" value=\"\" type=\"text\" name=\"color2\" \/><\/span>\n\t\t\t<\/p>\n\t\t<\/div>\n\t<\/div>\n<hr class=\"formhr\" \/>\n\t<div class=\"row\">\n\t\t<div class=\"col span_12\">\n\t\t\t<p><label for=\"colorqnt\"><span class=\"reqsub\">How many colors should the logo have?*<\/span><\/label><br \/>\n<span class=\"wpcf7-form-control-wrap\" data-name=\"colorqnt\"><span class=\"wpcf7-form-control wpcf7-checkbox wpcf7-validates-as-required\"><span class=\"wpcf7-list-item first\"><input type=\"checkbox\" name=\"colorqnt[]\" value=\"Vienspalvis\" \/><span class=\"wpcf7-list-item-label\">Monochrome<\/span><\/span><span class=\"wpcf7-list-item\"><input type=\"checkbox\" name=\"colorqnt[]\" value=\"Dvispalvis\" \/><span class=\"wpcf7-list-item-label\">Two-color<\/span><\/span><span class=\"wpcf7-list-item\"><input type=\"checkbox\" name=\"colorqnt[]\" value=\"Trij\u0173 spalv\u0173\" \/><span class=\"wpcf7-list-item-label\">Three-color<\/span><\/span><span class=\"wpcf7-list-item last\"><input type=\"checkbox\" name=\"colorqnt[]\" value=\"Pilnai spalvotas\" \/><span class=\"wpcf7-list-item-label\">Full-color<\/span><\/span><\/span><\/span>\n\t\t\t<\/p>\n\t\t<\/div>\n\t<\/div>\n<hr class=\"formhr\" \/>\n\t<div class=\"row\">\n\t\t<div class=\"col span_12\">\n\t\t\t<p><label for=\"lotype\"><span class=\"reqsub\">What should the logo consist of?*<\/span><\/label><br \/>\n<span class=\"wpcf7-form-control-wrap\" data-name=\"lotype\"><span class=\"wpcf7-form-control wpcf7-checkbox wpcf7-validates-as-required\"><span class=\"wpcf7-list-item first\"><input type=\"checkbox\" name=\"lotype[]\" value=\"Tik tekstas\" \/><span class=\"wpcf7-list-item-label\">Text only<\/span><\/span><span class=\"wpcf7-list-item\"><input type=\"checkbox\" name=\"lotype[]\" value=\"Tekstas + grafinis elementas\" \/><span class=\"wpcf7-list-item-label\">Text + graphic element<\/span><\/span><span class=\"wpcf7-list-item\"><input type=\"checkbox\" name=\"lotype[]\" value=\"Akronimas + tekstas\" \/><span class=\"wpcf7-list-item-label\">Acronym + text<\/span><\/span><span class=\"wpcf7-list-item\"><input type=\"checkbox\" name=\"lotype[]\" value=\"Akronimas + grafinis elementas\" \/><span class=\"wpcf7-list-item-label\">Acronym + graphic element<\/span><\/span><span class=\"wpcf7-list-item\"><input type=\"checkbox\" name=\"lotype[]\" value=\"Tik grafinis elementas\" \/><span class=\"wpcf7-list-item-label\">Graphic element only<\/span><\/span><span class=\"wpcf7-list-item last\"><input type=\"checkbox\" name=\"lotype[]\" value=\"Tik akronimas (Akronimas \u2013 termino, kur\u012f sudaro keli sud\u0117tiniai \u017eod\u017eiai, sutrumpinimas, panaudojant t\u0173 \u017eod\u017ei\u0173 pirm\u0105sias (kartais \u2013 ir kitas) raides.) pvz.: SMD \u2013 Student\u0173 mokslin\u0117 draugija ir t.t.\" \/><span class=\"wpcf7-list-item-label\">Acronym only (An acronym is an abbreviation of a term composed of several words, using the first letters (sometimes other letters) of those words. Example: SMD \u2013 Student Scientific Association, etc.)<\/span><\/span><\/span><\/span>\n\t\t\t<\/p>\n\t\t<\/div>\n\t<\/div>\n<hr class=\"formhr\" \/>\n\t<div class=\"row\">\n\t\t<div class=\"col span_12\">\n\t\t\t<p><label for=\"lostyle\"><span class=\"reqsub\">What style should the logo reflect?*<\/span><\/label><br \/>\n<span class=\"wpcf7-form-control-wrap\" data-name=\"lostyle\"><span class=\"wpcf7-form-control wpcf7-checkbox wpcf7-validates-as-required\"><span class=\"wpcf7-list-item first\"><input type=\"checkbox\" name=\"lostyle[]\" value=\"\u017daisming\u0105\" \/><span class=\"wpcf7-list-item-label\">Playful<\/span><\/span><span class=\"wpcf7-list-item\"><input type=\"checkbox\" name=\"lostyle[]\" value=\"Klasikin\u012f\" \/><span class=\"wpcf7-list-item-label\">Classic<\/span><\/span><span class=\"wpcf7-list-item\"><input type=\"checkbox\" name=\"lostyle[]\" value=\"Mading\u0105\" \/><span class=\"wpcf7-list-item-label\">Trendy<\/span><\/span><span class=\"wpcf7-list-item\"><input type=\"checkbox\" name=\"lostyle[]\" value=\"Lakoni\u0161k\u0105\" \/><span class=\"wpcf7-list-item-label\">Laconic<\/span><\/span><span class=\"wpcf7-list-item\"><input type=\"checkbox\" name=\"lostyle[]\" value=\"Minimalistin\u012f\" \/><span class=\"wpcf7-list-item-label\">Minimalistic<\/span><\/span><span class=\"wpcf7-list-item\"><input type=\"checkbox\" name=\"lostyle[]\" value=\"Gatv\u0117s\" \/><span class=\"wpcf7-list-item-label\">Street<\/span><\/span><span class=\"wpcf7-list-item\"><input type=\"checkbox\" name=\"lostyle[]\" value=\"Romanti\u0161k\u0105\" \/><span class=\"wpcf7-list-item-label\">Romantic<\/span><\/span><span class=\"wpcf7-list-item\"><input type=\"checkbox\" name=\"lostyle[]\" value=\"Ornamentin\u012f\" \/><span class=\"wpcf7-list-item-label\">Ornamental<\/span><\/span><span class=\"wpcf7-list-item last\"><input type=\"checkbox\" name=\"lostyle[]\" value=\"Senovin\u012f\" \/><span class=\"wpcf7-list-item-label\">Vintage<\/span><\/span><\/span><\/span>\n\t\t\t<\/p>\n\t\t<\/div>\n\t<\/div>\n<hr class=\"formhr\" \/>\n\t<div class=\"row\">\n\t\t<div class=\"col span_6\">\n\t\t\t<p><label for=\"slogan\"><span class=\"reqsub\">Should your logo include a headline, slogan, or motto?*<\/span> <\/label><br \/>\n<span class=\"wpcf7-form-control-wrap\" data-name=\"slogan\"><textarea cols=\"40\" rows=\"2\" maxlength=\"2000\" class=\"wpcf7-form-control wpcf7-textarea wpcf7-validates-as-required\" aria-required=\"true\" aria-invalid=\"false\" placeholder=\"Please describe in detail:\" name=\"slogan\"><\/textarea><\/span>\n\t\t\t<\/p>\n\t\t<\/div>\n\t\t<div class=\"col span_6\">\n\t\t\t<p><label for=\"examples\"><span class=\"reqsub\"> Logos that you like*<\/span><\/label><br \/>\n<span class=\"wpcf7-form-control-wrap\" data-name=\"examples\"><textarea cols=\"40\" rows=\"2\" maxlength=\"2000\" class=\"wpcf7-form-control wpcf7-textarea wpcf7-validates-as-required\" aria-required=\"true\" aria-invalid=\"false\" placeholder=\"Please describe in detail:\" name=\"examples\"><\/textarea><\/span>\n\t\t\t<\/p>\n\t\t<\/div>\n\t<\/div>\n<\/div>\n<div class=\"reqblock\">\n\t<h3><span class=\"reqtitle\">4. Additional preferences<\/span>\n\t<\/h3>\n\t<div class=\"row\">\n\t\t<div class=\"col span\">\n\t\t\t<p><label for=\"deadline\"><span class=\"reqsub\">Deadline:<\/span><\/label><br \/>\n<span class=\"wpcf7-form-control-wrap\" data-name=\"deadline\"><textarea cols=\"40\" rows=\"2\" maxlength=\"2000\" class=\"wpcf7-form-control wpcf7-textarea wpcf7-validates-as-required\" aria-required=\"true\" aria-invalid=\"false\" placeholder=\"Preliminary project start and end dates?\" name=\"deadline\"><\/textarea><\/span>\n\t\t\t<\/p>\n\t\t<\/div>\n\t<\/div>\n\t<p><label for=\"addnote\"><span class=\"reqsub\">Additional Notes<\/span><\/label><br \/>\n<span class=\"wpcf7-form-control-wrap\" data-name=\"addnote\"><textarea cols=\"40\" rows=\"1\" maxlength=\"2000\" class=\"wpcf7-form-control wpcf7-textarea\" aria-invalid=\"false\" name=\"addnote\"><\/textarea><\/span><br \/>\n<span class=\"wpcf7-form-control-wrap\" data-name=\"acceptance-11\"><span class=\"wpcf7-form-control wpcf7-acceptance\"><span class=\"wpcf7-list-item\"><label><input type=\"checkbox\" name=\"acceptance-11\" value=\"1\" aria-invalid=\"false\" \/><span class=\"wpcf7-list-item-label\">I agree that JUST PROJECTS, V\u0161\u012e may provide me with offers and use the above-provided data for their preparation and submission.<\/span><\/label><\/span><\/span><\/span>\n\t<\/p>\n\t<div class=\"cf7-cf-turnstile\" style=\"margin-top: 0px; margin-bottom: -15px;\"> <div id=\"cf-turnstile-cf7-641761597\" class=\"cf-turnstile\" data-sitekey=\"0x4AAAAAABnzOYljkA7WcVcv\" data-theme=\"light\" data-language=\"lt-lt\" data-size=\"flexible\" data-retry=\"auto\" data-retry-interval=\"1000\" data-refresh-expired=\"auto\" data-action=\"contact-form-7\" data-appearance=\"always\"><\/div> <script>document.addEventListener(\"DOMContentLoaded\", function() { setTimeout(function(){ var e=document.getElementById(\"cf-turnstile-cf7-641761597\"); e&&!e.innerHTML.trim()&&(turnstile.remove(\"#cf-turnstile-cf7-641761597\"), turnstile.render(\"#cf-turnstile-cf7-641761597\", {sitekey:\"0x4AAAAAABnzOYljkA7WcVcv\"})); }, 100); });<\/script> <br class=\"cf-turnstile-br cf-turnstile-br-cf7-641761597\"> <style>#cf-turnstile-cf7-641761597 { margin-left: -15px; }<\/style> <script>document.addEventListener(\"DOMContentLoaded\",function(){document.querySelectorAll('.wpcf7-form').forEach(function(e){e.addEventListener('submit',function(){if(document.getElementById('cf-turnstile-cf7-641761597')){setTimeout(function(){turnstile.reset('#cf-turnstile-cf7-641761597');},1000)}})})});<\/script> <\/div><br\/><input class=\"wpcf7-form-control wpcf7-submit has-spinner\" type=\"submit\" value=\"Send\" \/>\n\t<\/p>\n<\/div><div class=\"wpcf7-response-output\" aria-hidden=\"true\"><\/div>\n<input type=\"hidden\" name=\"trp-form-language\" value=\"en\"\/><\/form>\n<\/div>\n\n\t\t\t<\/div> \n\t\t<\/div>\n\t<\/div> \n<\/div><\/div>","protected":false},"excerpt":{"rendered":"UI\/UX Brandbook Logotipas U\u017eklausos forma Logotipo k\u016brimui Pra\u0161ome u\u017epildyti form\u0105. Informacij\u0105 pateikite kuo detaliau ir i\u0161samiau. 1. Kontaktin\u0117 informacija Vardas* El.pa\u0161tas* Telefonas* 2. Apra\u0161ymas Domenas* Turimas\/planuojamas \u012emon\u0117s\/veiklos pavadinimas* \u012emon\u0117s \/...","protected":false},"author":1,"featured_media":0,"parent":0,"menu_order":0,"comment_status":"closed","ping_status":"closed","template":"","meta":{"footnotes":""},"class_list":["post-182","page","type-page","status-publish"],"yoast_head":"<!-- This site is optimized with the Yoast SEO plugin v27.4 - https:\/\/yoast.com\/product\/yoast-seo-wordpress\/ -->\n<title>Anketa Logotipo k\u016brimui - Simplex<\/title>\n<meta name=\"robots\" content=\"index, follow, max-snippet:-1, max-image-preview:large, max-video-preview:-1\" \/>\n<link rel=\"canonical\" href=\"https:\/\/simplex.lt\/en\/anketa-logotipo-kurimui\/\" \/>\n<meta property=\"og:locale\" content=\"en_US\" \/>\n<meta property=\"og:type\" content=\"article\" \/>\n<meta property=\"og:title\" content=\"Anketa Logotipo k\u016brimui - Simplex\" \/>\n<meta property=\"og:url\" content=\"https:\/\/simplex.lt\/en\/anketa-logotipo-kurimui\/\" \/>\n<meta property=\"og:site_name\" content=\"Simplex\" \/>\n<meta property=\"article:publisher\" content=\"https:\/\/www.facebook.com\/simplexprojects\" \/>\n<meta property=\"article:modified_time\" content=\"2025-08-02T09:04:41+00:00\" \/>\n<meta name=\"twitter:card\" content=\"summary_large_image\" \/>\n<meta name=\"twitter:label1\" content=\"Est. reading time\" \/>\n\t<meta name=\"twitter:data1\" content=\"2 minutes\" \/>\n<script type=\"application\/ld+json\" class=\"yoast-schema-graph\">{\"@context\":\"https:\\\/\\\/schema.org\",\"@graph\":[{\"@type\":\"WebPage\",\"@id\":\"https:\\\/\\\/simplex.lt\\\/anketa-logotipo-kurimui\\\/\",\"url\":\"https:\\\/\\\/simplex.lt\\\/anketa-logotipo-kurimui\\\/\",\"name\":\"Anketa Logotipo k\u016brimui - Simplex\",\"isPartOf\":{\"@id\":\"https:\\\/\\\/darkcyan-deer-662487.hostingersite.com\\\/#website\"},\"datePublished\":\"2024-12-30T12:03:44+00:00\",\"dateModified\":\"2025-08-02T09:04:41+00:00\",\"breadcrumb\":{\"@id\":\"https:\\\/\\\/simplex.lt\\\/anketa-logotipo-kurimui\\\/#breadcrumb\"},\"inLanguage\":\"en-US\",\"potentialAction\":[{\"@type\":\"ReadAction\",\"target\":[\"https:\\\/\\\/simplex.lt\\\/anketa-logotipo-kurimui\\\/\"]}]},{\"@type\":\"BreadcrumbList\",\"@id\":\"https:\\\/\\\/simplex.lt\\\/anketa-logotipo-kurimui\\\/#breadcrumb\",\"itemListElement\":[{\"@type\":\"ListItem\",\"position\":1,\"name\":\"Home\",\"item\":\"https:\\\/\\\/simplex.lt\\\/\"},{\"@type\":\"ListItem\",\"position\":2,\"name\":\"Anketa Logotipo k\u016brimui\"}]},{\"@type\":\"WebSite\",\"@id\":\"https:\\\/\\\/darkcyan-deer-662487.hostingersite.com\\\/#website\",\"url\":\"https:\\\/\\\/darkcyan-deer-662487.hostingersite.com\\\/\",\"name\":\"Simplex\",\"description\":\"IT sprendimai J\u016bs\u0173 verslui\",\"publisher\":{\"@id\":\"https:\\\/\\\/darkcyan-deer-662487.hostingersite.com\\\/#organization\"},\"potentialAction\":[{\"@type\":\"SearchAction\",\"target\":{\"@type\":\"EntryPoint\",\"urlTemplate\":\"https:\\\/\\\/darkcyan-deer-662487.hostingersite.com\\\/?s={search_term_string}\"},\"query-input\":{\"@type\":\"PropertyValueSpecification\",\"valueRequired\":true,\"valueName\":\"search_term_string\"}}],\"inLanguage\":\"en-US\"},{\"@type\":\"Organization\",\"@id\":\"https:\\\/\\\/darkcyan-deer-662487.hostingersite.com\\\/#organization\",\"name\":\"Simplex\",\"url\":\"https:\\\/\\\/darkcyan-deer-662487.hostingersite.com\\\/\",\"logo\":{\"@type\":\"ImageObject\",\"inLanguage\":\"en-US\",\"@id\":\"https:\\\/\\\/darkcyan-deer-662487.hostingersite.com\\\/#\\\/schema\\\/logo\\\/image\\\/\",\"url\":\"http:\\\/\\\/simplex.lt\\\/wp-content\\\/uploads\\\/2024\\\/12\\\/Simplex-logo-44.png\",\"contentUrl\":\"http:\\\/\\\/simplex.lt\\\/wp-content\\\/uploads\\\/2024\\\/12\\\/Simplex-logo-44.png\",\"width\":804,\"height\":142,\"caption\":\"Simplex\"},\"image\":{\"@id\":\"https:\\\/\\\/darkcyan-deer-662487.hostingersite.com\\\/#\\\/schema\\\/logo\\\/image\\\/\"},\"sameAs\":[\"https:\\\/\\\/www.facebook.com\\\/simplexprojects\"]}]}<\/script>\n<!-- \/ Yoast SEO plugin. -->","yoast_head_json":{"title":"Anketa Logotipo k\u016brimui - Simplex","robots":{"index":"index","follow":"follow","max-snippet":"max-snippet:-1","max-image-preview":"max-image-preview:large","max-video-preview":"max-video-preview:-1"},"canonical":"https:\/\/simplex.lt\/en\/anketa-logotipo-kurimui\/","og_locale":"en_US","og_type":"article","og_title":"Anketa Logotipo k\u016brimui - Simplex","og_url":"https:\/\/simplex.lt\/en\/anketa-logotipo-kurimui\/","og_site_name":"Simplex","article_publisher":"https:\/\/www.facebook.com\/simplexprojects","article_modified_time":"2025-08-02T09:04:41+00:00","twitter_card":"summary_large_image","twitter_misc":{"Est. reading time":"2 minutes"},"schema":{"@context":"https:\/\/schema.org","@graph":[{"@type":"WebPage","@id":"https:\/\/simplex.lt\/anketa-logotipo-kurimui\/","url":"https:\/\/simplex.lt\/anketa-logotipo-kurimui\/","name":"Anketa Logotipo k\u016brimui - Simplex","isPartOf":{"@id":"https:\/\/darkcyan-deer-662487.hostingersite.com\/#website"},"datePublished":"2024-12-30T12:03:44+00:00","dateModified":"2025-08-02T09:04:41+00:00","breadcrumb":{"@id":"https:\/\/simplex.lt\/anketa-logotipo-kurimui\/#breadcrumb"},"inLanguage":"en-US","potentialAction":[{"@type":"ReadAction","target":["https:\/\/simplex.lt\/anketa-logotipo-kurimui\/"]}]},{"@type":"BreadcrumbList","@id":"https:\/\/simplex.lt\/anketa-logotipo-kurimui\/#breadcrumb","itemListElement":[{"@type":"ListItem","position":1,"name":"Home","item":"https:\/\/simplex.lt\/"},{"@type":"ListItem","position":2,"name":"Anketa Logotipo k\u016brimui"}]},{"@type":"WebSite","@id":"https:\/\/darkcyan-deer-662487.hostingersite.com\/#website","url":"https:\/\/darkcyan-deer-662487.hostingersite.com\/","name":"Simplex","description":"IT sprendimai J\u016bs\u0173 verslui","publisher":{"@id":"https:\/\/darkcyan-deer-662487.hostingersite.com\/#organization"},"potentialAction":[{"@type":"SearchAction","target":{"@type":"EntryPoint","urlTemplate":"https:\/\/darkcyan-deer-662487.hostingersite.com\/?s={search_term_string}"},"query-input":{"@type":"PropertyValueSpecification","valueRequired":true,"valueName":"search_term_string"}}],"inLanguage":"en-US"},{"@type":"Organization","@id":"https:\/\/darkcyan-deer-662487.hostingersite.com\/#organization","name":"Simplex","url":"https:\/\/darkcyan-deer-662487.hostingersite.com\/","logo":{"@type":"ImageObject","inLanguage":"en-US","@id":"https:\/\/darkcyan-deer-662487.hostingersite.com\/#\/schema\/logo\/image\/","url":"http:\/\/simplex.lt\/wp-content\/uploads\/2024\/12\/Simplex-logo-44.png","contentUrl":"http:\/\/simplex.lt\/wp-content\/uploads\/2024\/12\/Simplex-logo-44.png","width":804,"height":142,"caption":"Simplex"},"image":{"@id":"https:\/\/darkcyan-deer-662487.hostingersite.com\/#\/schema\/logo\/image\/"},"sameAs":["https:\/\/www.facebook.com\/simplexprojects"]}]}},"_links":{"self":[{"href":"https:\/\/simplex.lt\/en\/wp-json\/wp\/v2\/pages\/182","targetHints":{"allow":["GET"]}}],"collection":[{"href":"https:\/\/simplex.lt\/en\/wp-json\/wp\/v2\/pages"}],"about":[{"href":"https:\/\/simplex.lt\/en\/wp-json\/wp\/v2\/types\/page"}],"author":[{"embeddable":true,"href":"https:\/\/simplex.lt\/en\/wp-json\/wp\/v2\/users\/1"}],"replies":[{"embeddable":true,"href":"https:\/\/simplex.lt\/en\/wp-json\/wp\/v2\/comments?post=182"}],"version-history":[{"count":8,"href":"https:\/\/simplex.lt\/en\/wp-json\/wp\/v2\/pages\/182\/revisions"}],"predecessor-version":[{"id":658,"href":"https:\/\/simplex.lt\/en\/wp-json\/wp\/v2\/pages\/182\/revisions\/658"}],"wp:attachment":[{"href":"https:\/\/simplex.lt\/en\/wp-json\/wp\/v2\/media?parent=182"}],"curies":[{"name":"wp","href":"https:\/\/api.w.org\/{rel}","templated":true}]}}