{"id":323,"date":"2025-02-09T17:50:10","date_gmt":"2025-02-09T17:50:10","guid":{"rendered":"https:\/\/darkcyan-deer-662487.hostingersite.com\/?page_id=323"},"modified":"2025-02-10T13:45:24","modified_gmt":"2025-02-10T13:45:24","slug":"dizaino-kurimas-ui-ux","status":"publish","type":"page","link":"https:\/\/simplex.lt\/en\/dizaino-kurimas-ui-ux\/","title":{"rendered":"UI\/UX design creation"},"content":{"rendered":"<div id=\"fws_69d6d395340bd\"  data-column-margin=\"default\" data-midnight=\"dark\" data-top-percent=\"10%\" data-bottom-percent=\"3%\"  class=\"wpb_row vc_row-fluid vc_row full-width-section  top_padding_tablet_20pct bottom_padding_tablet_20pct\"  style=\"padding-top: calc(100vw * 0.10); padding-bottom: calc(100vw * 0.03); \"><div class=\"row-bg-wrap\" data-bg-animation=\"none\" data-bg-animation-delay=\"\" data-bg-overlay=\"false\"><div class=\"inner-wrap row-bg-layer\" ><div class=\"row-bg viewport-desktop\"  style=\"\"><\/div><\/div><\/div><div class=\"row_col_wrap_12 col span_12 dark left\">\n\t<div  class=\"vc_col-sm-12 wpb_column column_container vc_column_container col no-extra-padding inherit_tablet inherit_phone\"  data-padding-pos=\"all\" data-has-bg-color=\"false\" data-bg-color=\"\" data-bg-opacity=\"1\" data-animation=\"\" data-delay=\"0\" >\n\t\t<div class=\"vc_column-inner\" >\n\t\t\t<div class=\"wpb_wrapper\">\n\t\t\t\t<div id=\"fws_69d6d39534959\" data-midnight=\"\" data-column-margin=\"default\" class=\"wpb_row vc_row-fluid vc_row inner_row vc_row-o-equal-height vc_row-flex vc_row-o-content-top\"  style=\"padding-bottom: 15px; \"><div class=\"row-bg-wrap\"> <div class=\"row-bg\" ><\/div> <\/div><div class=\"row_col_wrap_12_inner col span_12  left\">\n\t<div  class=\"vc_col-sm-6 wpb_column column_container vc_column_container col child_column has-animation padding-4-percent padding-13-percent_tablet padding-4-percent_phone\"   data-padding-pos=\"right\" data-has-bg-color=\"false\" data-bg-color=\"\" data-bg-opacity=\"1\" data-animation=\"grow-in\" data-delay=\"0\" >\n\t\t<div class=\"vc_column-inner\" >\n\t\t<div class=\"wpb_wrapper\">\n\t\t\t<div class=\"jprojects-badge jprojects-inherit-body jprojects-display-block padding-amount-small badge-style-default\"><div class=\"jprojects-badge__inner jprojects-bg-extra-color-1\">*First year of hosting is free!<\/div><\/div><div class=\"jprojects-split-heading  font_size_4vw font_line_height_1-1\" data-align=\"default\" data-m-align=\"inherit\" data-text-effect=\"default\" data-animation-type=\"line-reveal-by-space\" data-animation-delay=\"0\" data-animation-offset=\"\" data-m-rm-animation=\"\" data-stagger=\"true\" data-custom-font-size=\"true\" style=\"font-size: 4vw; line-height: 4.4vw;\"><h2 style=\"max-width: 700px;\">UI\/UX design creation<\/h2><\/div><blockquote class=\"jprojects_single_testimonial\" tabindex=\"0\" data-color=\"\" data-style=\"basic\"><div class=\"inner\"> <p>&#8220;Kuriame ne tik gra\u017e\u0173, bet ir funkcional\u0173 dizain\u0105, orientuot\u0105 \u012f vartotojo patirt\u012f (UI\/UX). M\u016bs\u0173 dizaineri\u0173 komanda atsi\u017evelgia \u012f vartotoj\u0173 elgsen\u0105, rinkos tendencijas ir J\u016bs\u0173 prek\u0117s \u017eenklo identitet\u0105, kad sukurt\u0173 intuityvi\u0105, patraukli\u0105 ir lengvai naudojam\u0105 s\u0105saj\u0105. Gerai suprojektuotas dizainas \u2013 tai raktas \u012f auk\u0161t\u0105 vartotoj\u0173 pasitenkinim\u0105 ir verslo s\u0117km\u0119.&#8221; <\/p><\/div><\/blockquote><div class=\"jprojects-cta  alignment_tablet_default alignment_phone_default display_tablet_inherit display_phone_inherit\" data-color=\"default\" data-using-bg=\"false\" data-style=\"curved-arrow-animation\" data-display=\"block\" data-alignment=\"left\" data-text-color=\"custom\" ><h6 style=\"color: #3452ff;\"><span class=\"link_wrap\" ><a  class=\"link_text\" role=\"button\" href=\"https:\/\/simplex.lt\/en\/?add-to-cart=342\"><span class=\"text\">Order<\/span><svg aria-hidden=\"true\" width=\"20\" height=\"20\" viewbox=\"0 0 22 22\" preserveaspectratio=\"xMidYMid meet\">\n      <g transform=\"matrix(1,0,0,-1,12,11)\">\n      <g transform=\"matrix(1,0,0,-1,-1,3)\">\n        <path class=\"line\" stroke-linejoin=\"round\" stroke-linecap=\"round\" fill-opacity=\"0\" stroke=\"#000\" stroke-width=\"1.5\" d=\"M 7 3.3 L -3.2 3.3 C -5 3.3 -6.5 1.8 -6.5 0 L -6.5 -2.5\"><\/path>\n      <\/g>\n      <g transform=\"matrix(1,0,0,-1,4,-0.5)\">\n        <path class=\"arrow\" fill-opacity=\"0\" stroke-linejoin=\"round\" stroke-linecap=\"round\" stroke-width=\"1.5\" stroke=\"#000\" d=\"M -2.5 5 C -2.5 5 2.5 0 2.5 0\"><\/path>\n        <path class=\"arrow\" fill-opacity=\"0\" stroke-linejoin=\"round\" stroke-linecap=\"round\" stroke-width=\"1.5\" stroke=\"#000\" d=\"M -2.5 -5 C -2.5 -5 2.5 0 2.5 0\"><\/path>\n      <\/g>\n      <\/g>\n      <\/svg><\/a><\/span><\/h6><\/div><div class=\"jprojects-split-heading  font_size_2-6vw font_line_height_1-1\" data-align=\"default\" data-m-align=\"inherit\" data-text-effect=\"default\" data-animation-type=\"line-reveal-by-space\" data-animation-delay=\"0\" data-animation-offset=\"\" data-m-rm-animation=\"\" data-stagger=\"true\" data-custom-font-size=\"true\" style=\"font-size: 2.6vw; line-height: 2.86vw;\"><h2 style=\"max-width: 700px;\">Pagrindin\u0117s savyb\u0117s:<\/h2><\/div><div class=\"jprojects-fancy-ul\" data-list-icon=\"icon-simplex-check\" data-animation=\"true\" data-animation-delay=\"0\" data-color=\"accent-color\" data-spacing=\"20px\" data-alignment=\"left\"> \n<ul>\n<li>Vartotoj\u0173 patirties analiz\u0117 ir prototip\u0173 k\u016brimas<\/li>\n<li>Patrauklus ir modernus vizualinis sprendimas<\/li>\n<li>Intuityvus s\u0105sajos dizainas, ma\u017einantis vartotoj\u0173 klaid\u0173 skai\u010di\u0173<\/li>\n<li>A\/B testavimas ir nuolatinis tobulinimas<\/li>\n<li>\u012evairi\u0173 platform\u0173 (mobiliosios, stalini\u0173) suderinamumas<\/li>\n<\/ul>\n <\/div>\n\t\t<\/div> \n\t<\/div>\n\t<\/div> \n\n\t<div  class=\"vc_col-sm-6 wpb_column column_container vc_column_container col child_column has-animation no-extra-padding inherit_tablet inherit_phone\"   data-padding-pos=\"all\" data-has-bg-color=\"false\" data-bg-color=\"\" data-bg-opacity=\"1\" data-animation=\"grow-in\" data-delay=\"100\" >\n\t\t<div class=\"vc_column-inner\" >\n\t\t<div class=\"wpb_wrapper\">\n\t\t\t<div class=\"img-with-aniamtion-wrap center\" data-max-width=\"75%\" data-max-width-mobile=\"default\" data-border-radius=\"10px\" data-shadow=\"small_depth\" data-animation=\"fade-in-from-right\" >\n      <div class=\"inner\">\n        <div class=\"hover-wrap\"> \n          <div class=\"hover-wrap-inner\">\n            <img loading=\"lazy\" decoding=\"async\" class=\"img-with-animation skip-lazy\" data-delay=\"0\" height=\"2436\" width=\"1125\" data-animation=\"fade-in-from-right\" src=\"https:\/\/simplex.lt\/wp-content\/uploads\/2025\/02\/gesfad.png\" alt=\"\" srcset=\"https:\/\/simplex.lt\/wp-content\/uploads\/2025\/02\/gesfad.png 1125w, https:\/\/simplex.lt\/wp-content\/uploads\/2025\/02\/gesfad-600x1299.png 600w, https:\/\/simplex.lt\/wp-content\/uploads\/2025\/02\/gesfad-139x300.png 139w, https:\/\/simplex.lt\/wp-content\/uploads\/2025\/02\/gesfad-473x1024.png 473w, https:\/\/simplex.lt\/wp-content\/uploads\/2025\/02\/gesfad-768x1663.png 768w, https:\/\/simplex.lt\/wp-content\/uploads\/2025\/02\/gesfad-709x1536.png 709w, https:\/\/simplex.lt\/wp-content\/uploads\/2025\/02\/gesfad-946x2048.png 946w\" sizes=\"auto, (max-width: 1125px) 100vw, 1125px\" \/>\n          <\/div>\n        <\/div>\n      <\/div>\n    <\/div>\n\t\t<\/div> \n\t<\/div>\n\t<\/div> \n<\/div><\/div>\n\t\t\t<\/div> \n\t\t<\/div>\n\t<\/div> \n<\/div><\/div>","protected":false},"excerpt":{"rendered":"*Pirmi metai talpinimo serveryje nemokamai!Dizaino k\u016brimas (UI\/UX) &#8220;Kuriame ne tik gra\u017e\u0173, bet ir funkcional\u0173 dizain\u0105, orientuot\u0105 \u012f vartotojo patirt\u012f (UI\/UX). M\u016bs\u0173 dizaineri\u0173 komanda atsi\u017evelgia \u012f vartotoj\u0173 elgsen\u0105, rinkos tendencijas ir...","protected":false},"author":1,"featured_media":0,"parent":0,"menu_order":0,"comment_status":"closed","ping_status":"closed","template":"","meta":{"footnotes":""},"class_list":["post-323","page","type-page","status-publish"],"yoast_head":"<!-- This site is optimized with the Yoast SEO plugin v27.0 - https:\/\/yoast.com\/product\/yoast-seo-wordpress\/ -->\n<title>Dizaino k\u016brimas (UI\/UX) - Simplex<\/title>\n<meta name=\"robots\" content=\"index, follow, max-snippet:-1, max-image-preview:large, max-video-preview:-1\" \/>\n<link rel=\"canonical\" href=\"https:\/\/simplex.lt\/en\/dizaino-kurimas-ui-ux\/\" \/>\n<meta property=\"og:locale\" content=\"en_US\" \/>\n<meta property=\"og:type\" content=\"article\" \/>\n<meta property=\"og:title\" content=\"Dizaino k\u016brimas (UI\/UX) - Simplex\" \/>\n<meta property=\"og:url\" content=\"https:\/\/simplex.lt\/en\/dizaino-kurimas-ui-ux\/\" \/>\n<meta property=\"og:site_name\" content=\"Simplex\" \/>\n<meta property=\"article:publisher\" content=\"https:\/\/www.facebook.com\/simplexprojects\" \/>\n<meta property=\"article:modified_time\" content=\"2025-02-10T13:45:24+00:00\" \/>\n<meta name=\"twitter:card\" content=\"summary_large_image\" \/>\n<meta name=\"twitter:label1\" content=\"Est. reading time\" \/>\n\t<meta name=\"twitter:data1\" content=\"4 minutes\" \/>\n<script type=\"application\/ld+json\" class=\"yoast-schema-graph\">{\"@context\":\"https:\/\/schema.org\",\"@graph\":[{\"@type\":\"WebPage\",\"@id\":\"https:\/\/simplex.lt\/dizaino-kurimas-ui-ux\/\",\"url\":\"https:\/\/simplex.lt\/dizaino-kurimas-ui-ux\/\",\"name\":\"Dizaino k\u016brimas (UI\/UX) - Simplex\",\"isPartOf\":{\"@id\":\"https:\/\/darkcyan-deer-662487.hostingersite.com\/#website\"},\"datePublished\":\"2025-02-09T17:50:10+00:00\",\"dateModified\":\"2025-02-10T13:45:24+00:00\",\"breadcrumb\":{\"@id\":\"https:\/\/simplex.lt\/dizaino-kurimas-ui-ux\/#breadcrumb\"},\"inLanguage\":\"en-US\",\"potentialAction\":[{\"@type\":\"ReadAction\",\"target\":[\"https:\/\/simplex.lt\/dizaino-kurimas-ui-ux\/\"]}]},{\"@type\":\"BreadcrumbList\",\"@id\":\"https:\/\/simplex.lt\/dizaino-kurimas-ui-ux\/#breadcrumb\",\"itemListElement\":[{\"@type\":\"ListItem\",\"position\":1,\"name\":\"Home\",\"item\":\"https:\/\/simplex.lt\/\"},{\"@type\":\"ListItem\",\"position\":2,\"name\":\"Dizaino k\u016brimas (UI\/UX)\"}]},{\"@type\":\"WebSite\",\"@id\":\"https:\/\/darkcyan-deer-662487.hostingersite.com\/#website\",\"url\":\"https:\/\/darkcyan-deer-662487.hostingersite.com\/\",\"name\":\"Simplex\",\"description\":\"IT sprendimai J\u016bs\u0173 verslui\",\"publisher\":{\"@id\":\"https:\/\/darkcyan-deer-662487.hostingersite.com\/#organization\"},\"potentialAction\":[{\"@type\":\"SearchAction\",\"target\":{\"@type\":\"EntryPoint\",\"urlTemplate\":\"https:\/\/darkcyan-deer-662487.hostingersite.com\/?s={search_term_string}\"},\"query-input\":{\"@type\":\"PropertyValueSpecification\",\"valueRequired\":true,\"valueName\":\"search_term_string\"}}],\"inLanguage\":\"en-US\"},{\"@type\":\"Organization\",\"@id\":\"https:\/\/darkcyan-deer-662487.hostingersite.com\/#organization\",\"name\":\"Simplex\",\"url\":\"https:\/\/darkcyan-deer-662487.hostingersite.com\/\",\"logo\":{\"@type\":\"ImageObject\",\"inLanguage\":\"en-US\",\"@id\":\"https:\/\/darkcyan-deer-662487.hostingersite.com\/#\/schema\/logo\/image\/\",\"url\":\"http:\/\/simplex.lt\/wp-content\/uploads\/2024\/12\/Simplex-logo-44.png\",\"contentUrl\":\"http:\/\/simplex.lt\/wp-content\/uploads\/2024\/12\/Simplex-logo-44.png\",\"width\":804,\"height\":142,\"caption\":\"Simplex\"},\"image\":{\"@id\":\"https:\/\/darkcyan-deer-662487.hostingersite.com\/#\/schema\/logo\/image\/\"},\"sameAs\":[\"https:\/\/www.facebook.com\/simplexprojects\"]}]}<\/script>\n<!-- \/ Yoast SEO plugin. -->","yoast_head_json":{"title":"Dizaino k\u016brimas (UI\/UX) - Simplex","robots":{"index":"index","follow":"follow","max-snippet":"max-snippet:-1","max-image-preview":"max-image-preview:large","max-video-preview":"max-video-preview:-1"},"canonical":"https:\/\/simplex.lt\/en\/dizaino-kurimas-ui-ux\/","og_locale":"en_US","og_type":"article","og_title":"Dizaino k\u016brimas (UI\/UX) - Simplex","og_url":"https:\/\/simplex.lt\/en\/dizaino-kurimas-ui-ux\/","og_site_name":"Simplex","article_publisher":"https:\/\/www.facebook.com\/simplexprojects","article_modified_time":"2025-02-10T13:45:24+00:00","twitter_card":"summary_large_image","twitter_misc":{"Est. reading time":"4 minutes"},"schema":{"@context":"https:\/\/schema.org","@graph":[{"@type":"WebPage","@id":"https:\/\/simplex.lt\/dizaino-kurimas-ui-ux\/","url":"https:\/\/simplex.lt\/dizaino-kurimas-ui-ux\/","name":"Dizaino k\u016brimas (UI\/UX) - Simplex","isPartOf":{"@id":"https:\/\/darkcyan-deer-662487.hostingersite.com\/#website"},"datePublished":"2025-02-09T17:50:10+00:00","dateModified":"2025-02-10T13:45:24+00:00","breadcrumb":{"@id":"https:\/\/simplex.lt\/dizaino-kurimas-ui-ux\/#breadcrumb"},"inLanguage":"en-US","potentialAction":[{"@type":"ReadAction","target":["https:\/\/simplex.lt\/dizaino-kurimas-ui-ux\/"]}]},{"@type":"BreadcrumbList","@id":"https:\/\/simplex.lt\/dizaino-kurimas-ui-ux\/#breadcrumb","itemListElement":[{"@type":"ListItem","position":1,"name":"Home","item":"https:\/\/simplex.lt\/"},{"@type":"ListItem","position":2,"name":"Dizaino k\u016brimas (UI\/UX)"}]},{"@type":"WebSite","@id":"https:\/\/darkcyan-deer-662487.hostingersite.com\/#website","url":"https:\/\/darkcyan-deer-662487.hostingersite.com\/","name":"Simplex","description":"IT sprendimai J\u016bs\u0173 verslui","publisher":{"@id":"https:\/\/darkcyan-deer-662487.hostingersite.com\/#organization"},"potentialAction":[{"@type":"SearchAction","target":{"@type":"EntryPoint","urlTemplate":"https:\/\/darkcyan-deer-662487.hostingersite.com\/?s={search_term_string}"},"query-input":{"@type":"PropertyValueSpecification","valueRequired":true,"valueName":"search_term_string"}}],"inLanguage":"en-US"},{"@type":"Organization","@id":"https:\/\/darkcyan-deer-662487.hostingersite.com\/#organization","name":"Simplex","url":"https:\/\/darkcyan-deer-662487.hostingersite.com\/","logo":{"@type":"ImageObject","inLanguage":"en-US","@id":"https:\/\/darkcyan-deer-662487.hostingersite.com\/#\/schema\/logo\/image\/","url":"http:\/\/simplex.lt\/wp-content\/uploads\/2024\/12\/Simplex-logo-44.png","contentUrl":"http:\/\/simplex.lt\/wp-content\/uploads\/2024\/12\/Simplex-logo-44.png","width":804,"height":142,"caption":"Simplex"},"image":{"@id":"https:\/\/darkcyan-deer-662487.hostingersite.com\/#\/schema\/logo\/image\/"},"sameAs":["https:\/\/www.facebook.com\/simplexprojects"]}]}},"_links":{"self":[{"href":"https:\/\/simplex.lt\/en\/wp-json\/wp\/v2\/pages\/323","targetHints":{"allow":["GET"]}}],"collection":[{"href":"https:\/\/simplex.lt\/en\/wp-json\/wp\/v2\/pages"}],"about":[{"href":"https:\/\/simplex.lt\/en\/wp-json\/wp\/v2\/types\/page"}],"author":[{"embeddable":true,"href":"https:\/\/simplex.lt\/en\/wp-json\/wp\/v2\/users\/1"}],"replies":[{"embeddable":true,"href":"https:\/\/simplex.lt\/en\/wp-json\/wp\/v2\/comments?post=323"}],"version-history":[{"count":4,"href":"https:\/\/simplex.lt\/en\/wp-json\/wp\/v2\/pages\/323\/revisions"}],"predecessor-version":[{"id":377,"href":"https:\/\/simplex.lt\/en\/wp-json\/wp\/v2\/pages\/323\/revisions\/377"}],"wp:attachment":[{"href":"https:\/\/simplex.lt\/en\/wp-json\/wp\/v2\/media?parent=323"}],"curies":[{"name":"wp","href":"https:\/\/api.w.org\/{rel}","templated":true}]}}