{"id":663,"date":"2025-08-02T09:10:06","date_gmt":"2025-08-02T09:10:06","guid":{"rendered":"https:\/\/darkcyan-deer-662487.hostingersite.com\/?page_id=663"},"modified":"2025-11-20T17:38:18","modified_gmt":"2025-11-20T15:38:18","slug":"anketa-landing-page","status":"publish","type":"page","link":"https:\/\/simplex.lt\/en\/anketa-landing-page\/","title":{"rendered":"Anketa Landing page"},"content":{"rendered":"<div id=\"fws_69d6d39537f86\"  data-column-margin=\"default\" data-midnight=\"dark\" data-top-percent=\"3%\" data-bottom-percent=\"3%\"  class=\"wpb_row vc_row-fluid vc_row full-width-section\"  style=\"padding-top: calc(100vw * 0.03); padding-bottom: calc(100vw * 0.03); \"><div class=\"row-bg-wrap\" data-bg-animation=\"none\" data-bg-animation-delay=\"\" data-bg-overlay=\"false\"><div class=\"inner-wrap row-bg-layer\" ><div class=\"row-bg viewport-desktop\"  style=\"\"><\/div><\/div><\/div><div class=\"row_col_wrap_12 col span_12 dark left\">\n\t<div  class=\"vc_col-sm-12 wpb_column column_container vc_column_container col no-extra-padding inherit_tablet inherit_phone\"  data-padding-pos=\"all\" data-has-bg-color=\"false\" data-bg-color=\"\" data-bg-opacity=\"1\" data-animation=\"\" data-delay=\"0\" >\n\t\t<div class=\"vc_column-inner\" >\n\t\t\t<div class=\"wpb_wrapper\">\n\t\t\t\t<div id=\"fws_69d6d39538877\" data-midnight=\"\" data-column-margin=\"default\" class=\"wpb_row vc_row-fluid vc_row inner_row\"  style=\"\"><div class=\"row-bg-wrap\"> <div class=\"row-bg\" ><\/div> <\/div><div class=\"row_col_wrap_12_inner col span_12  left\">\n\t<div  class=\"vc_col-sm-12 wpb_column column_container vc_column_container col child_column no-extra-padding column_element_direction_desktop_horizontal force-desktop-text-align-left column_element_direction_tablet_horizontal force-tablet-text-align-left force-phone-text-align-left inherit_tablet inherit_phone\"   data-padding-pos=\"all\" data-has-bg-color=\"false\" data-bg-color=\"\" data-bg-opacity=\"1\" data-animation=\"\" data-delay=\"0\" >\n\t\t<div class=\"vc_column-inner\" >\n\t\t<div class=\"wpb_wrapper\">\n\t\t\t<div class=\"jprojects-cta  alignment_tablet_default alignment_phone_default display_tablet_inherit display_phone_inherit\" data-color=\"default\" data-using-bg=\"false\" data-style=\"see-through\" data-display=\"inline\" data-alignment=\"left\" data-text-color=\"custom\" ><h6 style=\"color: #3452FF;\"> <span class=\"text\"> <\/span><span class=\"link_wrap\" style=\"padding-right: 20px; \"><a  class=\"link_text\" role=\"button\" href=\"https:\/\/simplex.lt\/en\/anketa-landing-page\/\">Landing page<span class=\"arrow\"><\/span><\/a><\/span><\/h6><\/div><div class=\"jprojects-cta  alignment_tablet_default alignment_phone_default display_tablet_inherit display_phone_inherit\" data-color=\"default\" data-using-bg=\"false\" data-style=\"see-through\" data-display=\"inline\" data-alignment=\"left\" data-text-color=\"custom\" ><h6 style=\"color: #000000;\"> <span class=\"text\"> <\/span><span class=\"link_wrap\" style=\"padding-right: 20px; \"><a  class=\"link_text\" role=\"button\" href=\"https:\/\/simplex.lt\/en\/anketa-reprezentaciniam-puslapio-kurimui\/\">Representative<span class=\"arrow\"><\/span><\/a><\/span><\/h6><\/div><div class=\"jprojects-cta  alignment_tablet_default alignment_phone_default display_tablet_inherit display_phone_inherit\" data-color=\"default\" data-using-bg=\"false\" data-style=\"see-through\" data-display=\"inline\" data-alignment=\"left\" data-text-color=\"custom\" ><h6 style=\"color: #000000;\"> <span class=\"text\"> <\/span><span class=\"link_wrap\" style=\"padding-right: 20px; \"><a  class=\"link_text\" role=\"button\" href=\"https:\/\/simplex.lt\/en\/anketa-el-parduotuves-kurimui\/\">E.shop<span class=\"arrow\"><\/span><\/a><\/span><\/h6><\/div><div class=\"jprojects-cta  alignment_tablet_default alignment_phone_default display_tablet_inherit display_phone_inherit\" data-color=\"default\" data-using-bg=\"false\" data-style=\"see-through\" data-display=\"inline\" data-alignment=\"left\" data-text-color=\"custom\" ><h6 style=\"color: #000000;\"> <span class=\"text\"> <\/span><span class=\"link_wrap\" style=\"padding-right: 20px; \"><a  class=\"link_text\" role=\"button\" href=\"https:\/\/simplex.lt\/en\/anketa-unikalus-sprendimai\/\">Unique solutions<span class=\"arrow\"><\/span><\/a><\/span><\/h6><\/div>\n\t\t<\/div> \n\t<\/div>\n\t<\/div> \n<\/div><\/div>\n<div class=\"wpcf7 no-js\" id=\"wpcf7-f660-o1\" lang=\"lt-LT\" dir=\"ltr\" data-wpcf7-id=\"660\">\n<div class=\"screen-reader-response\"><p role=\"status\" aria-live=\"polite\" aria-atomic=\"true\"><\/p> <ul><\/ul><\/div>\n<form action=\"\/en\/wp-json\/wp\/v2\/pages\/663#wpcf7-f660-o1\" method=\"post\" class=\"wpcf7-form init\" aria-label=\"Kontakt\u0173 forma\" novalidate=\"novalidate\" data-status=\"init\" data-trp-original-action=\"\/en\/wp-json\/wp\/v2\/pages\/663#wpcf7-f660-o1\">\n<fieldset class=\"hidden-fields-container\"><input type=\"hidden\" name=\"_wpcf7\" value=\"660\" \/><input type=\"hidden\" name=\"_wpcf7_version\" value=\"6.1.4\" \/><input type=\"hidden\" name=\"_wpcf7_locale\" value=\"lt_LT\" \/><input type=\"hidden\" name=\"_wpcf7_unit_tag\" value=\"wpcf7-f660-o1\" \/><input type=\"hidden\" name=\"_wpcf7_container_post\" value=\"0\" \/><input type=\"hidden\" name=\"_wpcf7_posted_data_hash\" value=\"\" \/>\n<\/fieldset>\n<h2>U\u017eklausos forma Landing page\n<\/h2>\n<p><span class=\"reqsub\">Please fill out the form. Provide the information as detailed and comprehensive as possible.<\/span>\n<\/p>\n<div class=\"reqblock\">\n\t<h3><span class=\"reqtitle\">1. Contact Information<\/span>\n\t<\/h3>\n\t<div class=\"row\">\n\t\t<div class=\"col span_4\">\n\t\t\t<p><label for=\"your-name\"><span class=\"reqsub\">Name*<\/span><\/label><br \/>\n<span class=\"wpcf7-form-control-wrap\" data-name=\"your-name\"><input size=\"40\" maxlength=\"400\" class=\"wpcf7-form-control wpcf7-text wpcf7-validates-as-required\" aria-required=\"true\" aria-invalid=\"false\" placeholder=\"Name \/ Company\" value=\"\" type=\"text\" name=\"your-name\" \/><\/span>\n\t\t\t<\/p>\n\t\t<\/div>\n\t\t<div class=\"col span_4\">\n\t\t\t<p><label for=\"email\"><span class=\"reqsub\">Email*<\/span><\/label><br \/>\n<span class=\"wpcf7-form-control-wrap\" data-name=\"email\"><input size=\"40\" maxlength=\"400\" class=\"wpcf7-form-control wpcf7-email wpcf7-validates-as-required wpcf7-text wpcf7-validates-as-email\" aria-required=\"true\" aria-invalid=\"false\" placeholder=\"@\" value=\"\" type=\"email\" name=\"email\" \/><\/span>\n\t\t\t<\/p>\n\t\t<\/div>\n\t\t<div class=\"col span_4\">\n\t\t\t<p><label for=\"phone\"><span class=\"reqsub\">Phone*<\/span><\/label><br \/>\n<span class=\"wpcf7-form-control-wrap\" data-name=\"phone\"><input size=\"40\" maxlength=\"400\" class=\"wpcf7-form-control wpcf7-text wpcf7-validates-as-required\" aria-required=\"true\" aria-invalid=\"false\" placeholder=\"+370\" value=\"\" type=\"text\" name=\"phone\" \/><\/span>\n\t\t\t<\/p>\n\t\t<\/div>\n\t<\/div>\n<\/div>\n<div class=\"reqblock\">\n\t<h3><span class=\"reqtitle\">2. Description<\/span>\n\t<\/h3>\n\t<div class=\"row\">\n\t\t<div class=\"col span_4\">\n\t\t\t<p><label for=\"domain\"><span class=\"reqsub\">Domain*<\/span> <span class=\"reqsubxs\">Available\/Planned<\/span><\/label><br \/>\n<span class=\"wpcf7-form-control-wrap\" data-name=\"domain\"><input size=\"40\" maxlength=\"400\" class=\"wpcf7-form-control wpcf7-text wpcf7-validates-as-required\" aria-required=\"true\" aria-invalid=\"false\" placeholder=\"www\" value=\"\" type=\"text\" name=\"domain\" \/><\/span>\n\t\t\t<\/p>\n\t\t<\/div>\n\t\t<div class=\"col span_4\">\n\t\t\t<p><label for=\"host\"><span class=\"reqsub\">Hosting*<\/span><\/label><br \/>\n<span class=\"wpcf7-form-control-wrap\" data-name=\"host\"><span class=\"wpcf7-form-control wpcf7-checkbox wpcf7-validates-as-required\"><span class=\"wpcf7-list-item first\"><input type=\"checkbox\" name=\"host[]\" value=\"Turime\" \/><span class=\"wpcf7-list-item-label\">We have<\/span><\/span><span class=\"wpcf7-list-item last\"><input type=\"checkbox\" name=\"host[]\" value=\"Norime pasi\u016blymo\" \/><span class=\"wpcf7-list-item-label\">We want an offer<\/span><\/span><\/span><\/span>\n\t\t\t<\/p>\n\t\t<\/div>\n\t\t<div class=\"col span_4\">\n\t\t\t<p><label for=\"budget\"><span class=\"reqsub\">Budget excluding VAT*<\/span><\/label><br \/>\n<span class=\"wpcf7-form-control-wrap\" data-name=\"budget\"><span class=\"wpcf7-form-control wpcf7-checkbox wpcf7-validates-as-required\"><span class=\"wpcf7-list-item first\"><input type=\"checkbox\" name=\"budget[]\" value=\"iki 1000\u20ac\" \/><span class=\"wpcf7-list-item-label\">Up to 1000\u20ac<\/span><\/span><span class=\"wpcf7-list-item\"><input type=\"checkbox\" name=\"budget[]\" value=\"iki 2000\u20ac\" \/><span class=\"wpcf7-list-item-label\">Up to 2000\u20ac<\/span><\/span><span class=\"wpcf7-list-item last\"><input type=\"checkbox\" name=\"budget[]\" value=\"nuo 2000\u20ac\" \/><span class=\"wpcf7-list-item-label\">From 2000\u20ac<\/span><\/span><\/span><\/span>\n\t\t\t<\/p>\n\t\t<\/div>\n\t<\/div>\n\t<div class=\"row\">\n\t\t<p><label for=\"your-message\"><span class=\"reqsub\">Description*<\/span><\/label><br \/>\n<span class=\"wpcf7-form-control-wrap\" data-name=\"your-message\"><textarea cols=\"40\" rows=\"3\" maxlength=\"2000\" class=\"wpcf7-form-control wpcf7-textarea wpcf7-validates-as-required\" aria-required=\"true\" aria-invalid=\"false\" placeholder=\"Please describe the project in detail.\" name=\"your-message\"><\/textarea><\/span>\n\t\t<\/p>\n\t<\/div>\n<\/div>\n<div class=\"reqblock\">\n\t<h3><span class=\"reqtitle\">3. Design<\/span>\n\t<\/h3>\n\t<div class=\"row\">\n\t\t<div class=\"col span_6\">\n\t\t\t<p><label for=\"design\"><span class=\"reqsub\">Design*<\/span><\/label><br \/>\n<span class=\"wpcf7-form-control-wrap\" data-name=\"design\"><span class=\"wpcf7-form-control wpcf7-checkbox wpcf7-validates-as-required\"><span class=\"wpcf7-list-item first\"><input type=\"checkbox\" name=\"design[]\" value=\"\u0160abloninis\" \/><span class=\"wpcf7-list-item-label\">Template-based<\/span><\/span><span class=\"wpcf7-list-item\"><input type=\"checkbox\" name=\"design[]\" value=\"Paruo\u0161tas (Figma, Skech)\" \/><span class=\"wpcf7-list-item-label\">Prepared (Figma, Sketch)<\/span><\/span><span class=\"wpcf7-list-item last\"><input type=\"checkbox\" name=\"design[]\" value=\"Reikia sukurti\" \/><span class=\"wpcf7-list-item-label\">Needs to be created<\/span><\/span><\/span><\/span>\n\t\t\t<\/p>\n\t\t<\/div>\n\t\t<div class=\"col span_6\">\n\t\t\t<p><label for=\"brand\"><span class=\"reqsub\">Logo\/Brandbook*<\/span><\/label><br \/>\n<span class=\"wpcf7-form-control-wrap\" data-name=\"brand\"><span class=\"wpcf7-form-control wpcf7-checkbox wpcf7-validates-as-required\"><span class=\"wpcf7-list-item first\"><input type=\"checkbox\" name=\"brand[]\" value=\"Turime\" \/><span class=\"wpcf7-list-item-label\">We have<\/span><\/span><span class=\"wpcf7-list-item last\"><input type=\"checkbox\" name=\"brand[]\" value=\"Norime pasi\u016blymo\" \/><span class=\"wpcf7-list-item-label\">We want an offer<\/span><\/span><\/span><\/span>\n\t\t\t<\/p>\n\t\t<\/div>\n\t<\/div>\n<hr class=\"formhr\" \/>\n\t<div class=\"row\">\n\t\t<div class=\"col span_6\">\n\t\t\t<p><label for=\"qnt\"><span class=\"reqsub\">Expected number of pages*<\/span><\/label><br \/>\n<span class=\"wpcf7-form-control-wrap\" data-name=\"qnt\"><span class=\"wpcf7-form-control wpcf7-checkbox wpcf7-validates-as-required\"><span class=\"wpcf7-list-item first\"><input type=\"checkbox\" name=\"qnt[]\" value=\"iki 5vnt.\" \/><span class=\"wpcf7-list-item-label\">Up to 5 units<\/span><\/span><span class=\"wpcf7-list-item\"><input type=\"checkbox\" name=\"qnt[]\" value=\"iki 10vnt.\" \/><span class=\"wpcf7-list-item-label\">Up to 10 units<\/span><\/span><span class=\"wpcf7-list-item last\"><input type=\"checkbox\" name=\"qnt[]\" value=\"nuo 10vnt.\" \/><span class=\"wpcf7-list-item-label\">From 10 units<\/span><\/span><\/span><\/span>\n\t\t\t<\/p>\n\t\t<\/div>\n\t\t<div class=\"col span_6\">\n\t\t\t<p><label for=\"graphics\"><span class=\"reqsub\">Textual and graphical information*<\/span><\/label><br \/>\n<span class=\"wpcf7-form-control-wrap\" data-name=\"graphics\"><span class=\"wpcf7-form-control wpcf7-checkbox wpcf7-validates-as-required\"><span class=\"wpcf7-list-item first\"><input type=\"checkbox\" name=\"graphics[]\" value=\"N\u0117ra\" \/><span class=\"wpcf7-list-item-label\">No<\/span><\/span><span class=\"wpcf7-list-item last\"><input type=\"checkbox\" name=\"graphics[]\" value=\"Yra\" \/><span class=\"wpcf7-list-item-label\">Yes<\/span><\/span><\/span><\/span>\n\t\t\t<\/p>\n\t\t<\/div>\n\t<\/div>\n<hr class=\"formhr\" \/>\n\t<div class=\"row\">\n\t\t<div class=\"col span_6\">\n\t\t\t<p><label for=\"trlangs\"><span class=\"reqsub\">Translations \/ Texts*<\/span><\/label><br \/>\n<span class=\"wpcf7-form-control-wrap\" data-name=\"trlangs\"><span class=\"wpcf7-form-control wpcf7-checkbox wpcf7-validates-as-required\"><span class=\"wpcf7-list-item first\"><input type=\"checkbox\" name=\"trlangs[]\" value=\"Paruo\u0161ti\" \/><span class=\"wpcf7-list-item-label\">Prepared texts<\/span><\/span><span class=\"wpcf7-list-item\"><input type=\"checkbox\" name=\"trlangs[]\" value=\"DeepL API\" \/><span class=\"wpcf7-list-item-label\">DeepL API<\/span><\/span><span class=\"wpcf7-list-item last\"><input type=\"checkbox\" name=\"trlangs[]\" value=\"Reikalinga vertimo paslauga\" \/><span class=\"wpcf7-list-item-label\">Translation service required<\/span><\/span><\/span><\/span>\n\t\t\t<\/p>\n\t\t<\/div>\n\t<\/div>\n<hr class=\"formhr\" \/>\n\t<div class=\"row\">\n\t\t<div class=\"col span_6\">\n\t\t\t<p><label for=\"competitors\"><span class=\"reqsub\">Preferred e-commerce stores in the market*<\/span> <\/label><br \/>\n<span class=\"wpcf7-form-control-wrap\" data-name=\"competitors\"><textarea cols=\"40\" rows=\"2\" maxlength=\"2000\" class=\"wpcf7-form-control wpcf7-textarea wpcf7-validates-as-required\" aria-required=\"true\" aria-invalid=\"false\" placeholder=\"www, www, www\" name=\"competitors\"><\/textarea><\/span>\n\t\t\t<\/p>\n\t\t<\/div>\n\t\t<div class=\"col span_6\">\n\t\t\t<p><label for=\"deadline\"><span class=\"reqsub\"> Deadline*<\/span><\/label><br \/>\n<span class=\"wpcf7-form-control-wrap\" data-name=\"deadline\"><textarea cols=\"40\" rows=\"2\" maxlength=\"2000\" class=\"wpcf7-form-control wpcf7-textarea wpcf7-validates-as-required\" aria-required=\"true\" aria-invalid=\"false\" placeholder=\"Preliminary project start and end dates?\" name=\"deadline\"><\/textarea><\/span>\n\t\t\t<\/p>\n\t\t<\/div>\n\t<\/div>\n<\/div>\n<div class=\"reqblock\">\n\t<h3><span class=\"reqtitle\">4. Additional Features<\/span>\n\t<\/h3>\n\t<div class=\"row\">\n\t\t<div class=\"col span\">\n\t\t\t<p><label for=\"additional\"><span class=\"reqsub\">Check all that apply:<\/span><\/label><br \/>\n<span class=\"wpcf7-form-control-wrap\" data-name=\"additional\"><span class=\"wpcf7-form-control wpcf7-checkbox\"><span class=\"wpcf7-list-item first\"><input type=\"checkbox\" name=\"additional[]\" value=\"Naujienlai\u0161kis\" \/><span class=\"wpcf7-list-item-label\">Newsletter<\/span><\/span><span class=\"wpcf7-list-item\"><input type=\"checkbox\" name=\"additional[]\" value=\"Privatumo politika\" \/><span class=\"wpcf7-list-item-label\">Privacy Policy<\/span><\/span><span class=\"wpcf7-list-item\"><input type=\"checkbox\" name=\"additional[]\" value=\"\u017dem\u0117lapis\" \/><span class=\"wpcf7-list-item-label\">Map<\/span><\/span><span class=\"wpcf7-list-item\"><input type=\"checkbox\" name=\"additional[]\" value=\"U\u017eklausos forma\" \/><span class=\"wpcf7-list-item-label\">Inquiry Form<\/span><\/span><span class=\"wpcf7-list-item\"><input type=\"checkbox\" name=\"additional[]\" value=\"Naujien\u0173 blokas\" \/><span class=\"wpcf7-list-item-label\">News Block<\/span><\/span><span class=\"wpcf7-list-item\"><input type=\"checkbox\" name=\"additional[]\" value=\"Atsiliepimai\" \/><span class=\"wpcf7-list-item-label\">Reviews<\/span><\/span><span class=\"wpcf7-list-item last\"><input type=\"checkbox\" name=\"additional[]\" value=\"Vidinis SEO\" \/><span class=\"wpcf7-list-item-label\">Internal SEO<\/span><\/span><\/span><\/span>\n\t\t\t<\/p>\n\t\t<\/div>\n\t<\/div>\n\t<p><label for=\"addnote\"><span class=\"reqsub\">Additional Notes<\/span><\/label><br \/>\n<span class=\"wpcf7-form-control-wrap\" data-name=\"addnote\"><textarea cols=\"40\" rows=\"1\" maxlength=\"2000\" class=\"wpcf7-form-control wpcf7-textarea\" aria-invalid=\"false\" name=\"addnote\"><\/textarea><\/span>\n\t<\/p>\n\t<p><span class=\"wpcf7-form-control-wrap\" data-name=\"acceptance-9\"><span class=\"wpcf7-form-control wpcf7-acceptance\"><span class=\"wpcf7-list-item\"><label><input type=\"checkbox\" name=\"acceptance-9\" value=\"1\" aria-invalid=\"false\" \/><span class=\"wpcf7-list-item-label\">I agree that JUST PROJECTS, V\u0161\u012e may provide me with offers and use the above-provided data for their preparation and submission.<\/span><\/label><\/span><\/span><\/span><br \/>\n<div class=\"cf7-cf-turnstile\" style=\"margin-top: 0px; margin-bottom: -15px;\"> <div id=\"cf-turnstile-cf7-3499074685\" class=\"cf-turnstile\" data-sitekey=\"0x4AAAAAABnzOYljkA7WcVcv\" data-theme=\"light\" data-language=\"lt-lt\" data-size=\"flexible\" data-retry=\"auto\" data-retry-interval=\"1000\" data-refresh-expired=\"auto\" data-action=\"contact-form-7\" data-appearance=\"always\"><\/div> <script>document.addEventListener(\"DOMContentLoaded\", function() { setTimeout(function(){ var e=document.getElementById(\"cf-turnstile-cf7-3499074685\"); e&&!e.innerHTML.trim()&&(turnstile.remove(\"#cf-turnstile-cf7-3499074685\"), turnstile.render(\"#cf-turnstile-cf7-3499074685\", {sitekey:\"0x4AAAAAABnzOYljkA7WcVcv\"})); }, 100); });<\/script> <br class=\"cf-turnstile-br cf-turnstile-br-cf7-3499074685\"> <style>#cf-turnstile-cf7-3499074685 { margin-left: -15px; }<\/style> <script>document.addEventListener(\"DOMContentLoaded\",function(){document.querySelectorAll('.wpcf7-form').forEach(function(e){e.addEventListener('submit',function(){if(document.getElementById('cf-turnstile-cf7-3499074685')){setTimeout(function(){turnstile.reset('#cf-turnstile-cf7-3499074685');},1000)}})})});<\/script> <\/div><br\/><input class=\"wpcf7-form-control wpcf7-submit has-spinner\" type=\"submit\" value=\"Send\" \/>\n\t<\/p>\n<\/div><div class=\"wpcf7-response-output\" aria-hidden=\"true\"><\/div>\n<input type=\"hidden\" name=\"trp-form-language\" value=\"en\"\/><\/form>\n<\/div>\n\n\t\t\t<\/div> \n\t\t<\/div>\n\t<\/div> \n<\/div><\/div>","protected":false},"excerpt":{"rendered":"Landing page Reprezentacinis El. parduotuv\u0117 Unikal\u016bs sprendimai U\u017eklausos forma Landing page Pra\u0161ome u\u017epildyti form\u0105. Informacij\u0105 pateikite kuo detaliau ir i\u0161samiau. 1. Kontaktin\u0117 informacija Vardas* El.pa\u0161tas* Telefonas* 2. Apra\u0161ymas Domenas* Turimas\/planuojamas...","protected":false},"author":1,"featured_media":0,"parent":0,"menu_order":0,"comment_status":"closed","ping_status":"closed","template":"","meta":{"footnotes":""},"class_list":["post-663","page","type-page","status-publish"],"yoast_head":"<!-- This site is optimized with the Yoast SEO plugin v27.0 - https:\/\/yoast.com\/product\/yoast-seo-wordpress\/ -->\n<title>Anketa Landing page - Simplex<\/title>\n<meta name=\"robots\" content=\"index, follow, max-snippet:-1, max-image-preview:large, max-video-preview:-1\" \/>\n<link rel=\"canonical\" href=\"https:\/\/simplex.lt\/en\/anketa-landing-page\/\" \/>\n<meta property=\"og:locale\" content=\"en_US\" \/>\n<meta property=\"og:type\" content=\"article\" \/>\n<meta property=\"og:title\" content=\"Anketa Landing page - Simplex\" \/>\n<meta property=\"og:url\" content=\"https:\/\/simplex.lt\/en\/anketa-landing-page\/\" \/>\n<meta property=\"og:site_name\" content=\"Simplex\" \/>\n<meta property=\"article:publisher\" content=\"https:\/\/www.facebook.com\/simplexprojects\" \/>\n<meta property=\"article:modified_time\" content=\"2025-11-20T15:38:18+00:00\" \/>\n<meta name=\"twitter:card\" content=\"summary_large_image\" \/>\n<meta name=\"twitter:label1\" content=\"Est. reading time\" \/>\n\t<meta name=\"twitter:data1\" content=\"3 minutes\" \/>\n<script type=\"application\/ld+json\" class=\"yoast-schema-graph\">{\"@context\":\"https:\/\/schema.org\",\"@graph\":[{\"@type\":\"WebPage\",\"@id\":\"https:\/\/simplex.lt\/anketa-landing-page\/\",\"url\":\"https:\/\/simplex.lt\/anketa-landing-page\/\",\"name\":\"Anketa Landing page - Simplex\",\"isPartOf\":{\"@id\":\"https:\/\/darkcyan-deer-662487.hostingersite.com\/#website\"},\"datePublished\":\"2025-08-02T09:10:06+00:00\",\"dateModified\":\"2025-11-20T15:38:18+00:00\",\"breadcrumb\":{\"@id\":\"https:\/\/simplex.lt\/anketa-landing-page\/#breadcrumb\"},\"inLanguage\":\"en-US\",\"potentialAction\":[{\"@type\":\"ReadAction\",\"target\":[\"https:\/\/simplex.lt\/anketa-landing-page\/\"]}]},{\"@type\":\"BreadcrumbList\",\"@id\":\"https:\/\/simplex.lt\/anketa-landing-page\/#breadcrumb\",\"itemListElement\":[{\"@type\":\"ListItem\",\"position\":1,\"name\":\"Home\",\"item\":\"https:\/\/simplex.lt\/\"},{\"@type\":\"ListItem\",\"position\":2,\"name\":\"Anketa Landing page\"}]},{\"@type\":\"WebSite\",\"@id\":\"https:\/\/darkcyan-deer-662487.hostingersite.com\/#website\",\"url\":\"https:\/\/darkcyan-deer-662487.hostingersite.com\/\",\"name\":\"Simplex\",\"description\":\"IT sprendimai J\u016bs\u0173 verslui\",\"publisher\":{\"@id\":\"https:\/\/darkcyan-deer-662487.hostingersite.com\/#organization\"},\"potentialAction\":[{\"@type\":\"SearchAction\",\"target\":{\"@type\":\"EntryPoint\",\"urlTemplate\":\"https:\/\/darkcyan-deer-662487.hostingersite.com\/?s={search_term_string}\"},\"query-input\":{\"@type\":\"PropertyValueSpecification\",\"valueRequired\":true,\"valueName\":\"search_term_string\"}}],\"inLanguage\":\"en-US\"},{\"@type\":\"Organization\",\"@id\":\"https:\/\/darkcyan-deer-662487.hostingersite.com\/#organization\",\"name\":\"Simplex\",\"url\":\"https:\/\/darkcyan-deer-662487.hostingersite.com\/\",\"logo\":{\"@type\":\"ImageObject\",\"inLanguage\":\"en-US\",\"@id\":\"https:\/\/darkcyan-deer-662487.hostingersite.com\/#\/schema\/logo\/image\/\",\"url\":\"http:\/\/simplex.lt\/wp-content\/uploads\/2024\/12\/Simplex-logo-44.png\",\"contentUrl\":\"http:\/\/simplex.lt\/wp-content\/uploads\/2024\/12\/Simplex-logo-44.png\",\"width\":804,\"height\":142,\"caption\":\"Simplex\"},\"image\":{\"@id\":\"https:\/\/darkcyan-deer-662487.hostingersite.com\/#\/schema\/logo\/image\/\"},\"sameAs\":[\"https:\/\/www.facebook.com\/simplexprojects\"]}]}<\/script>\n<!-- \/ Yoast SEO plugin. -->","yoast_head_json":{"title":"Anketa Landing page - Simplex","robots":{"index":"index","follow":"follow","max-snippet":"max-snippet:-1","max-image-preview":"max-image-preview:large","max-video-preview":"max-video-preview:-1"},"canonical":"https:\/\/simplex.lt\/en\/anketa-landing-page\/","og_locale":"en_US","og_type":"article","og_title":"Anketa Landing page - Simplex","og_url":"https:\/\/simplex.lt\/en\/anketa-landing-page\/","og_site_name":"Simplex","article_publisher":"https:\/\/www.facebook.com\/simplexprojects","article_modified_time":"2025-11-20T15:38:18+00:00","twitter_card":"summary_large_image","twitter_misc":{"Est. reading time":"3 minutes"},"schema":{"@context":"https:\/\/schema.org","@graph":[{"@type":"WebPage","@id":"https:\/\/simplex.lt\/anketa-landing-page\/","url":"https:\/\/simplex.lt\/anketa-landing-page\/","name":"Anketa Landing page - Simplex","isPartOf":{"@id":"https:\/\/darkcyan-deer-662487.hostingersite.com\/#website"},"datePublished":"2025-08-02T09:10:06+00:00","dateModified":"2025-11-20T15:38:18+00:00","breadcrumb":{"@id":"https:\/\/simplex.lt\/anketa-landing-page\/#breadcrumb"},"inLanguage":"en-US","potentialAction":[{"@type":"ReadAction","target":["https:\/\/simplex.lt\/anketa-landing-page\/"]}]},{"@type":"BreadcrumbList","@id":"https:\/\/simplex.lt\/anketa-landing-page\/#breadcrumb","itemListElement":[{"@type":"ListItem","position":1,"name":"Home","item":"https:\/\/simplex.lt\/"},{"@type":"ListItem","position":2,"name":"Anketa Landing page"}]},{"@type":"WebSite","@id":"https:\/\/darkcyan-deer-662487.hostingersite.com\/#website","url":"https:\/\/darkcyan-deer-662487.hostingersite.com\/","name":"Simplex","description":"IT sprendimai J\u016bs\u0173 verslui","publisher":{"@id":"https:\/\/darkcyan-deer-662487.hostingersite.com\/#organization"},"potentialAction":[{"@type":"SearchAction","target":{"@type":"EntryPoint","urlTemplate":"https:\/\/darkcyan-deer-662487.hostingersite.com\/?s={search_term_string}"},"query-input":{"@type":"PropertyValueSpecification","valueRequired":true,"valueName":"search_term_string"}}],"inLanguage":"en-US"},{"@type":"Organization","@id":"https:\/\/darkcyan-deer-662487.hostingersite.com\/#organization","name":"Simplex","url":"https:\/\/darkcyan-deer-662487.hostingersite.com\/","logo":{"@type":"ImageObject","inLanguage":"en-US","@id":"https:\/\/darkcyan-deer-662487.hostingersite.com\/#\/schema\/logo\/image\/","url":"http:\/\/simplex.lt\/wp-content\/uploads\/2024\/12\/Simplex-logo-44.png","contentUrl":"http:\/\/simplex.lt\/wp-content\/uploads\/2024\/12\/Simplex-logo-44.png","width":804,"height":142,"caption":"Simplex"},"image":{"@id":"https:\/\/darkcyan-deer-662487.hostingersite.com\/#\/schema\/logo\/image\/"},"sameAs":["https:\/\/www.facebook.com\/simplexprojects"]}]}},"_links":{"self":[{"href":"https:\/\/simplex.lt\/en\/wp-json\/wp\/v2\/pages\/663","targetHints":{"allow":["GET"]}}],"collection":[{"href":"https:\/\/simplex.lt\/en\/wp-json\/wp\/v2\/pages"}],"about":[{"href":"https:\/\/simplex.lt\/en\/wp-json\/wp\/v2\/types\/page"}],"author":[{"embeddable":true,"href":"https:\/\/simplex.lt\/en\/wp-json\/wp\/v2\/users\/1"}],"replies":[{"embeddable":true,"href":"https:\/\/simplex.lt\/en\/wp-json\/wp\/v2\/comments?post=663"}],"version-history":[{"count":4,"href":"https:\/\/simplex.lt\/en\/wp-json\/wp\/v2\/pages\/663\/revisions"}],"predecessor-version":[{"id":860,"href":"https:\/\/simplex.lt\/en\/wp-json\/wp\/v2\/pages\/663\/revisions\/860"}],"wp:attachment":[{"href":"https:\/\/simplex.lt\/en\/wp-json\/wp\/v2\/media?parent=663"}],"curies":[{"name":"wp","href":"https:\/\/api.w.org\/{rel}","templated":true}]}}