{"id":902,"date":"2026-02-15T18:37:17","date_gmt":"2026-02-15T16:37:17","guid":{"rendered":"https:\/\/darkcyan-deer-662487.hostingersite.com\/?page_id=902"},"modified":"2026-02-17T17:12:00","modified_gmt":"2026-02-17T15:12:00","slug":"naujienos","status":"publish","type":"page","link":"https:\/\/simplex.lt\/en\/naujienos\/","title":{"rendered":"Naujienos"},"content":{"rendered":"<div id=\"fws_69df0a5987de7\"  data-column-margin=\"default\" data-midnight=\"dark\"  class=\"wpb_row vc_row-fluid vc_row\"  style=\"padding-top: 0px; padding-bottom: 0px; \"><div class=\"row-bg-wrap\" data-bg-animation=\"none\" data-bg-animation-delay=\"\" data-bg-overlay=\"false\"><div class=\"inner-wrap row-bg-layer\" ><div class=\"row-bg viewport-desktop\"  style=\"\"><\/div><\/div><\/div><div class=\"row_col_wrap_12 col span_12 dark left\">\n\t<div  class=\"vc_col-sm-12 wpb_column column_container vc_column_container col no-extra-padding inherit_tablet inherit_phone\"  data-padding-pos=\"all\" data-has-bg-color=\"false\" data-bg-color=\"\" data-bg-opacity=\"1\" data-animation=\"\" data-delay=\"0\" >\n\t\t<div class=\"vc_column-inner\" >\n\t\t\t<div class=\"wpb_wrapper\">\n\t\t\t\t\n<div class=\"row\">\n\n <div class=\"post-area col  span_12 col_last masonry auto_meta_overlaid_spaced\" data-ams=\"12px\" data-remove-post-date=\"1\" data-remove-post-author=\"1\" data-remove-post-comment-number=\"\" data-remove-post-jprojects-love=\"\"> <div class=\"posts-container\" data-load-animation=\"perspective\">     \n     \n<article id=\"post-1091\" class=\"masonry-blog-item post-1091 post type-post status-publish format-standard has-post-thumbnail category-straipsniai\">  \n    \n  <div class=\"inner-wrap animated\">\n    \n    <div class=\"post-content\">\n\n      <div class=\"content-inner\">\n        \n        <a class=\"entire-meta-link\" href=\"https:\/\/simplex.lt\/en\/el-parduotuviu-tendencijos-2026\/\"><span class=\"screen-reader-text\">El. parduotuvi\u0173 tendencijos 2026: Kaip kei\u010diasi verslas<\/span><\/a>\n        \n        <span class=\"post-featured-img\"><img loading=\"lazy\" decoding=\"async\" width=\"800\" height=\"800\" src=\"https:\/\/simplex.lt\/wp-content\/uploads\/2026\/02\/eshop_2-800x800.jpg\" class=\"attachment-medium_featured size-medium_featured skip-lazy wp-post-image\" alt=\"\" title=\"\" sizes=\"auto, (min-width: 690px) 50vw, 100vw\" srcset=\"https:\/\/simplex.lt\/wp-content\/uploads\/2026\/02\/eshop_2-800x800.jpg 800w, https:\/\/simplex.lt\/wp-content\/uploads\/2026\/02\/eshop_2-150x150.jpg 150w, https:\/\/simplex.lt\/wp-content\/uploads\/2026\/02\/eshop_2-140x140.jpg 140w, https:\/\/simplex.lt\/wp-content\/uploads\/2026\/02\/eshop_2-100x100.jpg 100w, https:\/\/simplex.lt\/wp-content\/uploads\/2026\/02\/eshop_2-500x500.jpg 500w, https:\/\/simplex.lt\/wp-content\/uploads\/2026\/02\/eshop_2-350x350.jpg 350w, https:\/\/simplex.lt\/wp-content\/uploads\/2026\/02\/eshop_2-1000x1000.jpg 1000w, https:\/\/simplex.lt\/wp-content\/uploads\/2026\/02\/eshop_2-300x300.jpg 300w\" \/><\/span>        \n        <div class=\"article-content-wrap\">\n          \n          <span class=\"meta-category\"><a class=\"straipsniai\" href=\"https:\/\/simplex.lt\/en\/category\/straipsniai\/\">Straipsniai<\/a><\/span>          \n          <div class=\"post-header\">\n            <h3 class=\"title\"><a href=\"https:\/\/simplex.lt\/en\/el-parduotuviu-tendencijos-2026\/\"> El. parduotuvi\u0173 tendencijos 2026: Kaip kei\u010diasi verslas<\/a><\/h3>\n                      <\/div>\n          \n        <\/div><!--article-content-wrap-->\n        \n      <\/div><!--\/content-inner-->\n        \n    <\/div><!--\/post-content-->\n      \n  <\/div><!--\/inner-wrap-->\n    \n<\/article>     \n     \n<article id=\"post-1073\" class=\"masonry-blog-item post-1073 post type-post status-publish format-standard has-post-thumbnail category-straipsniai\">  \n    \n  <div class=\"inner-wrap animated\">\n    \n    <div class=\"post-content\">\n\n      <div class=\"content-inner\">\n        \n        <a class=\"entire-meta-link\" href=\"https:\/\/simplex.lt\/en\/kodel-svarbus-dizainas-verslui\/\"><span class=\"screen-reader-text\">Kod\u0117l svarbus dizainas verslo s\u0117kmei ir augimui<\/span><\/a>\n        \n        <span class=\"post-featured-img\"><img loading=\"lazy\" decoding=\"async\" width=\"800\" height=\"768\" src=\"https:\/\/simplex.lt\/wp-content\/uploads\/2026\/02\/1771732422229_image-1-800x768.png\" class=\"attachment-medium_featured size-medium_featured skip-lazy wp-post-image\" alt=\"M\u016bs\u0173 dizaineri\u0173 komanda ruo\u0161ia naujus svetain\u0117s dizaino variantus.\" title=\"\" sizes=\"auto, (min-width: 690px) 50vw, 100vw\" \/><\/span>        \n        <div class=\"article-content-wrap\">\n          \n          <span class=\"meta-category\"><a class=\"straipsniai\" href=\"https:\/\/simplex.lt\/en\/category\/straipsniai\/\">Straipsniai<\/a><\/span>          \n          <div class=\"post-header\">\n            <h3 class=\"title\"><a href=\"https:\/\/simplex.lt\/en\/kodel-svarbus-dizainas-verslui\/\"> Kod\u0117l svarbus dizainas verslo s\u0117kmei ir augimui<\/a><\/h3>\n                      <\/div>\n          \n        <\/div><!--article-content-wrap-->\n        \n      <\/div><!--\/content-inner-->\n        \n    <\/div><!--\/post-content-->\n      \n  <\/div><!--\/inner-wrap-->\n    \n<\/article>     \n     \n<article id=\"post-1064\" class=\"masonry-blog-item post-1064 post type-post status-publish format-standard has-post-thumbnail category-straipsniai\">  \n    \n  <div class=\"inner-wrap animated\">\n    \n    <div class=\"post-content\">\n\n      <div class=\"content-inner\">\n        \n        <a class=\"entire-meta-link\" href=\"https:\/\/simplex.lt\/en\/6-naudingiausi-svetainiu-kurimo-pavyzdziai-verslui\/\"><span class=\"screen-reader-text\">6 naudingiausi svetaini\u0173 k\u016brimo pavyzd\u017eiai verslui<\/span><\/a>\n        \n        <span class=\"post-featured-img\"><img loading=\"lazy\" decoding=\"async\" width=\"800\" height=\"768\" src=\"https:\/\/simplex.lt\/wp-content\/uploads\/2026\/02\/1771582554643_image-1-800x768.png\" class=\"attachment-medium_featured size-medium_featured skip-lazy wp-post-image\" alt=\"Internetini\u0173 svetaini\u0173 dizaineris dirba prie dviej\u0173 ekran\u0173 \u0161viesiame biure.\" title=\"\" sizes=\"auto, (min-width: 690px) 50vw, 100vw\" \/><\/span>        \n        <div class=\"article-content-wrap\">\n          \n          <span class=\"meta-category\"><a class=\"straipsniai\" href=\"https:\/\/simplex.lt\/en\/category\/straipsniai\/\">Straipsniai<\/a><\/span>          \n          <div class=\"post-header\">\n            <h3 class=\"title\"><a href=\"https:\/\/simplex.lt\/en\/6-naudingiausi-svetainiu-kurimo-pavyzdziai-verslui\/\"> 6 naudingiausi svetaini\u0173 k\u016brimo pavyzd\u017eiai verslui<\/a><\/h3>\n                      <\/div>\n          \n        <\/div><!--article-content-wrap-->\n        \n      <\/div><!--\/content-inner-->\n        \n    <\/div><!--\/post-content-->\n      \n  <\/div><!--\/inner-wrap-->\n    \n<\/article>     \n     \n<article id=\"post-1020\" class=\"masonry-blog-item post-1020 post type-post status-publish format-standard has-post-thumbnail category-straipsniai\">  \n    \n  <div class=\"inner-wrap animated\">\n    \n    <div class=\"post-content\">\n\n      <div class=\"content-inner\">\n        \n        <a class=\"entire-meta-link\" href=\"https:\/\/simplex.lt\/en\/reklama-internete-seo-sprendimai-kurie-augina-verslo-pardavimus\/\"><span class=\"screen-reader-text\">Reklama internete + SEO sprendimai, kurie augina verslo pardavimus<\/span><\/a>\n        \n        <span class=\"post-featured-img\"><img loading=\"lazy\" decoding=\"async\" width=\"800\" height=\"800\" src=\"https:\/\/simplex.lt\/wp-content\/uploads\/2026\/02\/seo1v-800x800.jpg\" class=\"attachment-medium_featured size-medium_featured skip-lazy wp-post-image\" alt=\"\" title=\"\" sizes=\"auto, (min-width: 690px) 50vw, 100vw\" srcset=\"https:\/\/simplex.lt\/wp-content\/uploads\/2026\/02\/seo1v-800x800.jpg 800w, https:\/\/simplex.lt\/wp-content\/uploads\/2026\/02\/seo1v-150x150.jpg 150w, https:\/\/simplex.lt\/wp-content\/uploads\/2026\/02\/seo1v-140x140.jpg 140w, https:\/\/simplex.lt\/wp-content\/uploads\/2026\/02\/seo1v-100x100.jpg 100w, https:\/\/simplex.lt\/wp-content\/uploads\/2026\/02\/seo1v-500x500.jpg 500w, https:\/\/simplex.lt\/wp-content\/uploads\/2026\/02\/seo1v-350x350.jpg 350w, https:\/\/simplex.lt\/wp-content\/uploads\/2026\/02\/seo1v-1000x1000.jpg 1000w, https:\/\/simplex.lt\/wp-content\/uploads\/2026\/02\/seo1v-300x300.jpg 300w\" \/><\/span>        \n        <div class=\"article-content-wrap\">\n          \n          <span class=\"meta-category\"><a class=\"straipsniai\" href=\"https:\/\/simplex.lt\/en\/category\/straipsniai\/\">Straipsniai<\/a><\/span>          \n          <div class=\"post-header\">\n            <h3 class=\"title\"><a href=\"https:\/\/simplex.lt\/en\/reklama-internete-seo-sprendimai-kurie-augina-verslo-pardavimus\/\"> Reklama internete + SEO sprendimai, kurie augina verslo pardavimus<\/a><\/h3>\n                      <\/div>\n          \n        <\/div><!--article-content-wrap-->\n        \n      <\/div><!--\/content-inner-->\n        \n    <\/div><!--\/post-content-->\n      \n  <\/div><!--\/inner-wrap-->\n    \n<\/article>     \n     \n<article id=\"post-998\" class=\"masonry-blog-item post-998 post type-post status-publish format-standard has-post-thumbnail category-straipsniai\">  \n    \n  <div class=\"inner-wrap animated\">\n    \n    <div class=\"post-content\">\n\n      <div class=\"content-inner\">\n        \n        <a class=\"entire-meta-link\" href=\"https:\/\/simplex.lt\/en\/profesionaliu-dizaineriu-nauda-verslui\/\"><span class=\"screen-reader-text\">Kod\u0117l verslui reikia profesionali\u0173 dizaineri\u0173<\/span><\/a>\n        \n        <span class=\"post-featured-img\"><img loading=\"lazy\" decoding=\"async\" width=\"800\" height=\"768\" src=\"https:\/\/simplex.lt\/wp-content\/uploads\/2026\/02\/1771387138266_image-2-800x768.png\" class=\"attachment-medium_featured size-medium_featured skip-lazy wp-post-image\" alt=\"Dizaineris, \u012fsitais\u0119s prie savo darbo stalo, pie\u0161ia eskizus, kai pro lang\u0105 skverbiasi saul\u0117s spinduliai.\" title=\"\" sizes=\"auto, (min-width: 690px) 50vw, 100vw\" \/><\/span>        \n        <div class=\"article-content-wrap\">\n          \n          <span class=\"meta-category\"><a class=\"straipsniai\" href=\"https:\/\/simplex.lt\/en\/category\/straipsniai\/\">Straipsniai<\/a><\/span>          \n          <div class=\"post-header\">\n            <h3 class=\"title\"><a href=\"https:\/\/simplex.lt\/en\/profesionaliu-dizaineriu-nauda-verslui\/\"> Kod\u0117l verslui reikia profesionali\u0173 dizaineri\u0173<\/a><\/h3>\n                      <\/div>\n          \n        <\/div><!--article-content-wrap-->\n        \n      <\/div><!--\/content-inner-->\n        \n    <\/div><!--\/post-content-->\n      \n  <\/div><!--\/inner-wrap-->\n    \n<\/article>     \n     \n<article id=\"post-959\" class=\"masonry-blog-item post-959 post type-post status-publish format-standard has-post-thumbnail category-straipsniai\">  \n    \n  <div class=\"inner-wrap animated\">\n    \n    <div class=\"post-content\">\n\n      <div class=\"content-inner\">\n        \n        <a class=\"entire-meta-link\" href=\"https:\/\/simplex.lt\/en\/tinklapio-kurimo-aprasas-sunnas-lt-tinklapis-pagal-geriausias-dizaino-praktikas\/\"><span class=\"screen-reader-text\">Sunnas.lt tinklapis pagal geriausias dizaino praktikas<\/span><\/a>\n        \n        <span class=\"post-featured-img\"><img loading=\"lazy\" decoding=\"async\" width=\"800\" height=\"800\" src=\"https:\/\/simplex.lt\/wp-content\/uploads\/2026\/02\/sunnas-straipsnis-pic-800x800.jpg\" class=\"attachment-medium_featured size-medium_featured skip-lazy wp-post-image\" alt=\"\" title=\"\" sizes=\"auto, (min-width: 690px) 50vw, 100vw\" srcset=\"https:\/\/simplex.lt\/wp-content\/uploads\/2026\/02\/sunnas-straipsnis-pic-800x800.jpg 800w, https:\/\/simplex.lt\/wp-content\/uploads\/2026\/02\/sunnas-straipsnis-pic-150x150.jpg 150w, https:\/\/simplex.lt\/wp-content\/uploads\/2026\/02\/sunnas-straipsnis-pic-140x140.jpg 140w, https:\/\/simplex.lt\/wp-content\/uploads\/2026\/02\/sunnas-straipsnis-pic-100x100.jpg 100w, https:\/\/simplex.lt\/wp-content\/uploads\/2026\/02\/sunnas-straipsnis-pic-500x500.jpg 500w, https:\/\/simplex.lt\/wp-content\/uploads\/2026\/02\/sunnas-straipsnis-pic-350x350.jpg 350w, https:\/\/simplex.lt\/wp-content\/uploads\/2026\/02\/sunnas-straipsnis-pic-1000x1000.jpg 1000w, https:\/\/simplex.lt\/wp-content\/uploads\/2026\/02\/sunnas-straipsnis-pic-300x300.jpg 300w\" \/><\/span>        \n        <div class=\"article-content-wrap\">\n          \n          <span class=\"meta-category\"><a class=\"straipsniai\" href=\"https:\/\/simplex.lt\/en\/category\/straipsniai\/\">Straipsniai<\/a><\/span>          \n          <div class=\"post-header\">\n            <h3 class=\"title\"><a href=\"https:\/\/simplex.lt\/en\/tinklapio-kurimo-aprasas-sunnas-lt-tinklapis-pagal-geriausias-dizaino-praktikas\/\"> Sunnas.lt tinklapis pagal geriausias dizaino praktikas<\/a><\/h3>\n                      <\/div>\n          \n        <\/div><!--article-content-wrap-->\n        \n      <\/div><!--\/content-inner-->\n        \n    <\/div><!--\/post-content-->\n      \n  <\/div><!--\/inner-wrap-->\n    \n<\/article>     \n     \n<article id=\"post-937\" class=\"masonry-blog-item post-937 post type-post status-publish format-standard has-post-thumbnail category-straipsniai\">  \n    \n  <div class=\"inner-wrap animated\">\n    \n    <div class=\"post-content\">\n\n      <div class=\"content-inner\">\n        \n        <a class=\"entire-meta-link\" href=\"https:\/\/simplex.lt\/en\/7-sekmingi-el-parduotuviu-pavyzdziai-ir-sprendimai\/\"><span class=\"screen-reader-text\">7 s\u0117kmingi el. parduotuvi\u0173 pavyzd\u017eiai ir naudingi sprendimai<\/span><\/a>\n        \n        <span class=\"post-featured-img\"><img loading=\"lazy\" decoding=\"async\" width=\"800\" height=\"768\" src=\"https:\/\/simplex.lt\/wp-content\/uploads\/2026\/02\/1771332502535_image-800x768.png\" class=\"attachment-medium_featured size-medium_featured skip-lazy wp-post-image\" alt=\"Internetin\u0117s parduotuv\u0117s savininkas dirbantis i\u0161 nam\u0173\" title=\"\" sizes=\"auto, (min-width: 690px) 50vw, 100vw\" \/><\/span>        \n        <div class=\"article-content-wrap\">\n          \n          <span class=\"meta-category\"><a class=\"straipsniai\" href=\"https:\/\/simplex.lt\/en\/category\/straipsniai\/\">Straipsniai<\/a><\/span>          \n          <div class=\"post-header\">\n            <h3 class=\"title\"><a href=\"https:\/\/simplex.lt\/en\/7-sekmingi-el-parduotuviu-pavyzdziai-ir-sprendimai\/\"> 7 s\u0117kmingi el. parduotuvi\u0173 pavyzd\u017eiai ir naudingi sprendimai<\/a><\/h3>\n                      <\/div>\n          \n        <\/div><!--article-content-wrap-->\n        \n      <\/div><!--\/content-inner-->\n        \n    <\/div><!--\/post-content-->\n      \n  <\/div><!--\/inner-wrap-->\n    \n<\/article>     \n     \n<article id=\"post-915\" class=\"masonry-blog-item post-915 post type-post status-publish format-standard has-post-thumbnail category-straipsniai\">  \n    \n  <div class=\"inner-wrap animated\">\n    \n    <div class=\"post-content\">\n\n      <div class=\"content-inner\">\n        \n        <a class=\"entire-meta-link\" href=\"https:\/\/simplex.lt\/en\/ui-ux-dizaino-tobulinimo-vadovas-verslui\/\"><span class=\"screen-reader-text\">I\u0161samus UI\/UX dizaino tobulinimo vadovas verslui<\/span><\/a>\n        \n        <span class=\"post-featured-img\"><img loading=\"lazy\" decoding=\"async\" width=\"800\" height=\"768\" src=\"https:\/\/simplex.lt\/wp-content\/uploads\/2026\/02\/1771173724755_image-1-800x768.png\" class=\"attachment-medium_featured size-medium_featured skip-lazy wp-post-image\" alt=\"M\u016bs\u0173 verslo dizaineri\u0173 komanda nagrin\u0117ja vartotojo s\u0105sajos eskizus ir ie\u0161ko geriausi\u0173 sprendim\u0173.\" title=\"\" sizes=\"auto, (min-width: 690px) 50vw, 100vw\" \/><\/span>        \n        <div class=\"article-content-wrap\">\n          \n          <span class=\"meta-category\"><a class=\"straipsniai\" href=\"https:\/\/simplex.lt\/en\/category\/straipsniai\/\">Straipsniai<\/a><\/span>          \n          <div class=\"post-header\">\n            <h3 class=\"title\"><a href=\"https:\/\/simplex.lt\/en\/ui-ux-dizaino-tobulinimo-vadovas-verslui\/\"> I\u0161samus UI\/UX dizaino tobulinimo vadovas verslui<\/a><\/h3>\n                      <\/div>\n          \n        <\/div><!--article-content-wrap-->\n        \n      <\/div><!--\/content-inner-->\n        \n    <\/div><!--\/post-content-->\n      \n  <\/div><!--\/inner-wrap-->\n    \n<\/article>     \n     \n<article id=\"post-905\" class=\"masonry-blog-item post-905 post type-post status-publish format-standard has-post-thumbnail category-straipsniai\">  \n    \n  <div class=\"inner-wrap animated\">\n    \n    <div class=\"post-content\">\n\n      <div class=\"content-inner\">\n        \n        <a class=\"entire-meta-link\" href=\"https:\/\/simplex.lt\/en\/svetainiu-optimizavimo-esme-verslui\/\"><span class=\"screen-reader-text\">Svetaini\u0173 optimizavimo esm\u0117: verslo augimo pamatas<\/span><\/a>\n        \n        <span class=\"post-featured-img\"><img loading=\"lazy\" decoding=\"async\" width=\"800\" height=\"768\" src=\"https:\/\/simplex.lt\/wp-content\/uploads\/2026\/02\/1771173749145_image-800x768.png\" class=\"attachment-medium_featured size-medium_featured skip-lazy wp-post-image\" alt=\"Verslininkas saul\u0117toje biuro aplinkoje tobulina savo svetain\u0119\" title=\"\" sizes=\"auto, (min-width: 690px) 50vw, 100vw\" \/><\/span>        \n        <div class=\"article-content-wrap\">\n          \n          <span class=\"meta-category\"><a class=\"straipsniai\" href=\"https:\/\/simplex.lt\/en\/category\/straipsniai\/\">Straipsniai<\/a><\/span>          \n          <div class=\"post-header\">\n            <h3 class=\"title\"><a href=\"https:\/\/simplex.lt\/en\/svetainiu-optimizavimo-esme-verslui\/\"> Svetaini\u0173 optimizavimo esm\u0117: verslo augimo pamatas<\/a><\/h3>\n                      <\/div>\n          \n        <\/div><!--article-content-wrap-->\n        \n      <\/div><!--\/content-inner-->\n        \n    <\/div><!--\/post-content-->\n      \n  <\/div><!--\/inner-wrap-->\n    \n<\/article>    \n    <\/div><!--\/posts container-->\n    \n      \n<\/div><!--\/post area-->\n\n  \n\n<\/div>\n\n\n\t\t\t<\/div> \n\t\t<\/div>\n\t<\/div> \n<\/div><\/div>","protected":false},"excerpt":{"rendered":"Kiekvienam verslui svarbu ne tik b\u016bti matomam, bet ir i\u0161siskirti tarp konkurent\u0173 Lietuvos skaitmenin\u0117je erdv\u0117je. Auganti konkurencija internete ver\u010dia ma\u017e\u0173 ir vidutini\u0173 \u012fmoni\u0173 savininkus, rinkodaros specialistus bei IT vadovus ie\u0161koti...","protected":false},"author":1,"featured_media":0,"parent":0,"menu_order":0,"comment_status":"closed","ping_status":"closed","template":"","meta":{"footnotes":""},"class_list":["post-902","page","type-page","status-publish"],"yoast_head":"<!-- This site is optimized with the Yoast SEO plugin v27.0 - https:\/\/yoast.com\/product\/yoast-seo-wordpress\/ -->\n<title>Naujienos - Simplex<\/title>\n<meta name=\"robots\" content=\"index, follow, max-snippet:-1, max-image-preview:large, max-video-preview:-1\" \/>\n<link rel=\"canonical\" href=\"https:\/\/darkcyan-deer-662487.hostingersite.com\/naujienos\/\" \/>\n<meta property=\"og:locale\" content=\"en_US\" \/>\n<meta property=\"og:type\" content=\"article\" \/>\n<meta property=\"og:title\" content=\"Naujienos - Simplex\" \/>\n<meta property=\"og:url\" content=\"https:\/\/darkcyan-deer-662487.hostingersite.com\/naujienos\/\" \/>\n<meta property=\"og:site_name\" content=\"Simplex\" \/>\n<meta property=\"article:publisher\" content=\"https:\/\/www.facebook.com\/simplexprojects\" \/>\n<meta property=\"article:modified_time\" content=\"2026-02-17T15:12:00+00:00\" \/>\n<meta name=\"twitter:card\" content=\"summary_large_image\" \/>\n<script type=\"application\/ld+json\" class=\"yoast-schema-graph\">{\"@context\":\"https:\/\/schema.org\",\"@graph\":[{\"@type\":\"WebPage\",\"@id\":\"https:\/\/darkcyan-deer-662487.hostingersite.com\/naujienos\/\",\"url\":\"https:\/\/darkcyan-deer-662487.hostingersite.com\/naujienos\/\",\"name\":\"Naujienos - Simplex\",\"isPartOf\":{\"@id\":\"https:\/\/darkcyan-deer-662487.hostingersite.com\/#website\"},\"datePublished\":\"2026-02-15T16:37:17+00:00\",\"dateModified\":\"2026-02-17T15:12:00+00:00\",\"breadcrumb\":{\"@id\":\"https:\/\/darkcyan-deer-662487.hostingersite.com\/naujienos\/#breadcrumb\"},\"inLanguage\":\"en-US\",\"potentialAction\":[{\"@type\":\"ReadAction\",\"target\":[\"https:\/\/darkcyan-deer-662487.hostingersite.com\/naujienos\/\"]}]},{\"@type\":\"BreadcrumbList\",\"@id\":\"https:\/\/darkcyan-deer-662487.hostingersite.com\/naujienos\/#breadcrumb\",\"itemListElement\":[{\"@type\":\"ListItem\",\"position\":1,\"name\":\"Home\",\"item\":\"https:\/\/simplex.lt\/\"},{\"@type\":\"ListItem\",\"position\":2,\"name\":\"Naujienos\"}]},{\"@type\":\"WebSite\",\"@id\":\"https:\/\/darkcyan-deer-662487.hostingersite.com\/#website\",\"url\":\"https:\/\/darkcyan-deer-662487.hostingersite.com\/\",\"name\":\"Simplex\",\"description\":\"IT sprendimai J\u016bs\u0173 verslui\",\"publisher\":{\"@id\":\"https:\/\/darkcyan-deer-662487.hostingersite.com\/#organization\"},\"potentialAction\":[{\"@type\":\"SearchAction\",\"target\":{\"@type\":\"EntryPoint\",\"urlTemplate\":\"https:\/\/darkcyan-deer-662487.hostingersite.com\/?s={search_term_string}\"},\"query-input\":{\"@type\":\"PropertyValueSpecification\",\"valueRequired\":true,\"valueName\":\"search_term_string\"}}],\"inLanguage\":\"en-US\"},{\"@type\":\"Organization\",\"@id\":\"https:\/\/darkcyan-deer-662487.hostingersite.com\/#organization\",\"name\":\"Simplex\",\"url\":\"https:\/\/darkcyan-deer-662487.hostingersite.com\/\",\"logo\":{\"@type\":\"ImageObject\",\"inLanguage\":\"en-US\",\"@id\":\"https:\/\/darkcyan-deer-662487.hostingersite.com\/#\/schema\/logo\/image\/\",\"url\":\"http:\/\/simplex.lt\/wp-content\/uploads\/2024\/12\/Simplex-logo-44.png\",\"contentUrl\":\"http:\/\/simplex.lt\/wp-content\/uploads\/2024\/12\/Simplex-logo-44.png\",\"width\":804,\"height\":142,\"caption\":\"Simplex\"},\"image\":{\"@id\":\"https:\/\/darkcyan-deer-662487.hostingersite.com\/#\/schema\/logo\/image\/\"},\"sameAs\":[\"https:\/\/www.facebook.com\/simplexprojects\"]}]}<\/script>\n<!-- \/ Yoast SEO plugin. -->","yoast_head_json":{"title":"Naujienos - Simplex","robots":{"index":"index","follow":"follow","max-snippet":"max-snippet:-1","max-image-preview":"max-image-preview:large","max-video-preview":"max-video-preview:-1"},"canonical":"https:\/\/darkcyan-deer-662487.hostingersite.com\/naujienos\/","og_locale":"en_US","og_type":"article","og_title":"Naujienos - Simplex","og_url":"https:\/\/darkcyan-deer-662487.hostingersite.com\/naujienos\/","og_site_name":"Simplex","article_publisher":"https:\/\/www.facebook.com\/simplexprojects","article_modified_time":"2026-02-17T15:12:00+00:00","twitter_card":"summary_large_image","schema":{"@context":"https:\/\/schema.org","@graph":[{"@type":"WebPage","@id":"https:\/\/darkcyan-deer-662487.hostingersite.com\/naujienos\/","url":"https:\/\/darkcyan-deer-662487.hostingersite.com\/naujienos\/","name":"Naujienos - Simplex","isPartOf":{"@id":"https:\/\/darkcyan-deer-662487.hostingersite.com\/#website"},"datePublished":"2026-02-15T16:37:17+00:00","dateModified":"2026-02-17T15:12:00+00:00","breadcrumb":{"@id":"https:\/\/darkcyan-deer-662487.hostingersite.com\/naujienos\/#breadcrumb"},"inLanguage":"en-US","potentialAction":[{"@type":"ReadAction","target":["https:\/\/darkcyan-deer-662487.hostingersite.com\/naujienos\/"]}]},{"@type":"BreadcrumbList","@id":"https:\/\/darkcyan-deer-662487.hostingersite.com\/naujienos\/#breadcrumb","itemListElement":[{"@type":"ListItem","position":1,"name":"Home","item":"https:\/\/simplex.lt\/"},{"@type":"ListItem","position":2,"name":"Naujienos"}]},{"@type":"WebSite","@id":"https:\/\/darkcyan-deer-662487.hostingersite.com\/#website","url":"https:\/\/darkcyan-deer-662487.hostingersite.com\/","name":"Simplex","description":"IT sprendimai J\u016bs\u0173 verslui","publisher":{"@id":"https:\/\/darkcyan-deer-662487.hostingersite.com\/#organization"},"potentialAction":[{"@type":"SearchAction","target":{"@type":"EntryPoint","urlTemplate":"https:\/\/darkcyan-deer-662487.hostingersite.com\/?s={search_term_string}"},"query-input":{"@type":"PropertyValueSpecification","valueRequired":true,"valueName":"search_term_string"}}],"inLanguage":"en-US"},{"@type":"Organization","@id":"https:\/\/darkcyan-deer-662487.hostingersite.com\/#organization","name":"Simplex","url":"https:\/\/darkcyan-deer-662487.hostingersite.com\/","logo":{"@type":"ImageObject","inLanguage":"en-US","@id":"https:\/\/darkcyan-deer-662487.hostingersite.com\/#\/schema\/logo\/image\/","url":"http:\/\/simplex.lt\/wp-content\/uploads\/2024\/12\/Simplex-logo-44.png","contentUrl":"http:\/\/simplex.lt\/wp-content\/uploads\/2024\/12\/Simplex-logo-44.png","width":804,"height":142,"caption":"Simplex"},"image":{"@id":"https:\/\/darkcyan-deer-662487.hostingersite.com\/#\/schema\/logo\/image\/"},"sameAs":["https:\/\/www.facebook.com\/simplexprojects"]}]}},"_links":{"self":[{"href":"https:\/\/simplex.lt\/en\/wp-json\/wp\/v2\/pages\/902","targetHints":{"allow":["GET"]}}],"collection":[{"href":"https:\/\/simplex.lt\/en\/wp-json\/wp\/v2\/pages"}],"about":[{"href":"https:\/\/simplex.lt\/en\/wp-json\/wp\/v2\/types\/page"}],"author":[{"embeddable":true,"href":"https:\/\/simplex.lt\/en\/wp-json\/wp\/v2\/users\/1"}],"replies":[{"embeddable":true,"href":"https:\/\/simplex.lt\/en\/wp-json\/wp\/v2\/comments?post=902"}],"version-history":[{"count":8,"href":"https:\/\/simplex.lt\/en\/wp-json\/wp\/v2\/pages\/902\/revisions"}],"predecessor-version":[{"id":949,"href":"https:\/\/simplex.lt\/en\/wp-json\/wp\/v2\/pages\/902\/revisions\/949"}],"wp:attachment":[{"href":"https:\/\/simplex.lt\/en\/wp-json\/wp\/v2\/media?parent=902"}],"curies":[{"name":"wp","href":"https:\/\/api.w.org\/{rel}","templated":true}]}}